{"id":3292,"date":"2024-12-13T16:37:55","date_gmt":"2024-12-13T15:37:55","guid":{"rendered":"https:\/\/victoria-glion.ch\/sportliche-aktivitaeten\/"},"modified":"2026-04-17T13:34:51","modified_gmt":"2026-04-17T11:34:51","slug":"sportliche-aktivitaeten","status":"publish","type":"page","link":"https:\/\/victoria-glion.ch\/de\/sportliche-aktivitaeten\/","title":{"rendered":"Sportliche Aktivit\u00e4ten"},"content":{"rendered":"\t\t<div data-elementor-type=\"wp-page\" data-elementor-id=\"3292\" class=\"elementor elementor-3292 elementor-1315\" data-elementor-post-type=\"page\">\n\t\t\t\t<div data-dce-background-overlay-color=\"#02010100\" data-dce-background-image-url=\"https:\/\/dev.victoria-glion.ch\/wp-content\/uploads\/2024\/12\/RDN_Hiver19cMaudeRion-1876x1920-WEB.jpg\" class=\"elementor-element elementor-element-953c6ba e-flex e-con-boxed e-con e-parent\" data-id=\"953c6ba\" data-element_type=\"container\" data-settings=\"{&quot;background_background&quot;:&quot;classic&quot;,&quot;_ob_use_container_extras&quot;:&quot;no&quot;,&quot;_ob_column_hoveranimator&quot;:&quot;no&quot;,&quot;_ob_glider_is_slider&quot;:&quot;no&quot;,&quot;_ob_column_has_pseudo&quot;:&quot;no&quot;}\">\n\t\t\t\t\t<div class=\"e-con-inner\">\n\t\t\t\t<div class=\"elementor-element elementor-element-c071bbe ob-harakiri-inherit ob-has-background-overlay elementor-widget elementor-widget-heading\" data-id=\"c071bbe\" data-element_type=\"widget\" data-settings=\"{&quot;_ob_use_harakiri&quot;:&quot;yes&quot;,&quot;_ob_harakiri_writing_mode&quot;:&quot;inherit&quot;,&quot;_ob_harakiri_text_clip&quot;:&quot;none&quot;,&quot;_ob_perspektive_use&quot;:&quot;no&quot;,&quot;_ob_poopart_use&quot;:&quot;yes&quot;,&quot;_ob_shadough_use&quot;:&quot;no&quot;,&quot;_ob_allow_hoveranimator&quot;:&quot;no&quot;,&quot;_ob_widget_stalker_use&quot;:&quot;no&quot;}\" data-widget_type=\"heading.default\">\n\t\t\t\t<div class=\"elementor-widget-container\">\n\t\t\t\t\t<h1 class=\"elementor-heading-title elementor-size-default\">Sportliche Aktivit\u00e4ten<\/h1>\t\t\t\t<\/div>\n\t\t\t\t<\/div>\n\t\t\t\t<div class=\"elementor-element elementor-element-4c87bcc e-transform elementor-view-default elementor-position-top elementor-mobile-position-top ob-has-background-overlay elementor-widget elementor-widget-icon-box\" data-id=\"4c87bcc\" data-element_type=\"widget\" data-settings=\"{&quot;_transform_rotateZ_effect&quot;:{&quot;unit&quot;:&quot;px&quot;,&quot;size&quot;:180,&quot;sizes&quot;:[]},&quot;_ob_perspektive_use&quot;:&quot;no&quot;,&quot;_transform_rotateZ_effect_laptop&quot;:{&quot;unit&quot;:&quot;deg&quot;,&quot;size&quot;:&quot;&quot;,&quot;sizes&quot;:[]},&quot;_transform_rotateZ_effect_tablet&quot;:{&quot;unit&quot;:&quot;deg&quot;,&quot;size&quot;:&quot;&quot;,&quot;sizes&quot;:[]},&quot;_transform_rotateZ_effect_mobile&quot;:{&quot;unit&quot;:&quot;deg&quot;,&quot;size&quot;:&quot;&quot;,&quot;sizes&quot;:[]},&quot;_ob_poopart_use&quot;:&quot;yes&quot;,&quot;_ob_shadough_use&quot;:&quot;no&quot;,&quot;_ob_allow_hoveranimator&quot;:&quot;no&quot;,&quot;_ob_widget_stalker_use&quot;:&quot;no&quot;}\" data-widget_type=\"icon-box.default\">\n\t\t\t\t<div class=\"elementor-widget-container\">\n\t\t\t\t\t\t\t<div class=\"elementor-icon-box-wrapper\">\n\n\t\t\t\t\t\t<div class=\"elementor-icon-box-icon\">\n\t\t\t\t<span  class=\"elementor-icon\">\n\t\t\t\t<svg xmlns=\"http:\/\/www.w3.org\/2000\/svg\" viewBox=\"0 0 40 22.9\"><defs><clipPath id=\"clippath\"><rect y=\"0\" width=\"40\" height=\"22.9\"><\/rect><\/clipPath><\/defs><g id=\"Groupe_349\"><g clip-path=\"url(#clippath)\"><g id=\"Groupe_233\"><path id=\"Trac&#xE9;_365\" d=\"M37.1,15c1.5-.5,2.7-1.8,2.9-3.4.4-2.3-1.2-4.5-3.5-4.9-1.4-.2-2.8.3-3.8,1.3-6.2,7.1-7,13.2-7,13.2,3.3-3,7.2-5.1,11.5-6.2\"><\/path><path id=\"Trac&#xE9;_366\" d=\"M2.9,15c-1.5-.5-2.7-1.8-2.9-3.4-.4-2.3,1.2-4.5,3.5-4.9,1.4-.2,2.8.3,3.8,1.3,6.2,7.1,7,13.2,7,13.2-3.3-3-7.2-5.1-11.5-6.2\"><\/path><path id=\"Trac&#xE9;_367\" d=\"M25.3,5.2C25.3,2.3,22.9,0,20.1,0s-5.2,2.3-5.2,5.2,5.2,17.8,5.2,17.8c0,0,5.2-14.9,5.2-17.8\"><\/path><\/g><\/g><\/g><\/svg>\t\t\t\t<\/span>\n\t\t\t<\/div>\n\t\t\t\n\t\t\t\n\t\t<\/div>\n\t\t\t\t\t\t<\/div>\n\t\t\t\t<\/div>\n\t\t\t\t<div class=\"elementor-element elementor-element-d9f032e e-transform elementor-widget-divider--view-line ob-has-background-overlay elementor-widget elementor-widget-divider\" data-id=\"d9f032e\" data-element_type=\"widget\" data-settings=\"{&quot;_transform_rotateZ_effect&quot;:{&quot;unit&quot;:&quot;px&quot;,&quot;size&quot;:90,&quot;sizes&quot;:[]},&quot;_ob_perspektive_use&quot;:&quot;no&quot;,&quot;_transform_rotateZ_effect_laptop&quot;:{&quot;unit&quot;:&quot;deg&quot;,&quot;size&quot;:&quot;&quot;,&quot;sizes&quot;:[]},&quot;_transform_rotateZ_effect_tablet&quot;:{&quot;unit&quot;:&quot;deg&quot;,&quot;size&quot;:&quot;&quot;,&quot;sizes&quot;:[]},&quot;_transform_rotateZ_effect_mobile&quot;:{&quot;unit&quot;:&quot;deg&quot;,&quot;size&quot;:&quot;&quot;,&quot;sizes&quot;:[]},&quot;_ob_poopart_use&quot;:&quot;yes&quot;,&quot;_ob_shadough_use&quot;:&quot;no&quot;,&quot;_ob_allow_hoveranimator&quot;:&quot;no&quot;,&quot;_ob_widget_stalker_use&quot;:&quot;no&quot;}\" data-widget_type=\"divider.default\">\n\t\t\t\t<div class=\"elementor-widget-container\">\n\t\t\t\t\t\t\t<div class=\"elementor-divider\">\n\t\t\t<span class=\"elementor-divider-separator\">\n\t\t\t\t\t\t<\/span>\n\t\t<\/div>\n\t\t\t\t\t\t<\/div>\n\t\t\t\t<\/div>\n\t\t\t\t\t<\/div>\n\t\t\t\t<\/div>\n\t\t<div class=\"elementor-element elementor-element-e48375a e-flex e-con-boxed e-con e-parent\" data-id=\"e48375a\" data-element_type=\"container\" data-settings=\"{&quot;_ob_use_container_extras&quot;:&quot;no&quot;,&quot;_ob_column_hoveranimator&quot;:&quot;no&quot;,&quot;_ob_glider_is_slider&quot;:&quot;no&quot;,&quot;_ob_column_has_pseudo&quot;:&quot;no&quot;}\">\n\t\t\t\t\t<div class=\"e-con-inner\">\n\t\t\t\t<div class=\"elementor-element elementor-element-49e1ac7 elementor-view-default elementor-position-top elementor-mobile-position-top ob-has-background-overlay elementor-widget elementor-widget-icon-box\" data-id=\"49e1ac7\" data-element_type=\"widget\" data-settings=\"{&quot;_ob_perspektive_use&quot;:&quot;no&quot;,&quot;_ob_poopart_use&quot;:&quot;yes&quot;,&quot;_ob_shadough_use&quot;:&quot;no&quot;,&quot;_ob_allow_hoveranimator&quot;:&quot;no&quot;,&quot;_ob_widget_stalker_use&quot;:&quot;no&quot;}\" data-widget_type=\"icon-box.default\">\n\t\t\t\t<div class=\"elementor-widget-container\">\n\t\t\t\t\t\t\t<div class=\"elementor-icon-box-wrapper\">\n\n\t\t\t\t\t\t<div class=\"elementor-icon-box-icon\">\n\t\t\t\t<span  class=\"elementor-icon\">\n\t\t\t\t<svg xmlns=\"http:\/\/www.w3.org\/2000\/svg\" viewBox=\"0 0 40 22.9\"><defs><clipPath id=\"clippath\"><rect y=\"0\" width=\"40\" height=\"22.9\"><\/rect><\/clipPath><\/defs><g id=\"Groupe_349\"><g clip-path=\"url(#clippath)\"><g id=\"Groupe_233\"><path id=\"Trac&#xE9;_365\" d=\"M37.1,15c1.5-.5,2.7-1.8,2.9-3.4.4-2.3-1.2-4.5-3.5-4.9-1.4-.2-2.8.3-3.8,1.3-6.2,7.1-7,13.2-7,13.2,3.3-3,7.2-5.1,11.5-6.2\"><\/path><path id=\"Trac&#xE9;_366\" d=\"M2.9,15c-1.5-.5-2.7-1.8-2.9-3.4-.4-2.3,1.2-4.5,3.5-4.9,1.4-.2,2.8.3,3.8,1.3,6.2,7.1,7,13.2,7,13.2-3.3-3-7.2-5.1-11.5-6.2\"><\/path><path id=\"Trac&#xE9;_367\" d=\"M25.3,5.2C25.3,2.3,22.9,0,20.1,0s-5.2,2.3-5.2,5.2,5.2,17.8,5.2,17.8c0,0,5.2-14.9,5.2-17.8\"><\/path><\/g><\/g><\/g><\/svg>\t\t\t\t<\/span>\n\t\t\t<\/div>\n\t\t\t\n\t\t\t\n\t\t<\/div>\n\t\t\t\t\t\t<\/div>\n\t\t\t\t<\/div>\n\t\t\t\t<div class=\"elementor-element elementor-element-b3fbd48 ob-harakiri-inherit ob-has-background-overlay elementor-widget elementor-widget-text-editor\" data-id=\"b3fbd48\" data-element_type=\"widget\" data-settings=\"{&quot;_ob_use_harakiri&quot;:&quot;yes&quot;,&quot;_ob_harakiri_writing_mode&quot;:&quot;inherit&quot;,&quot;_ob_postman_use&quot;:&quot;no&quot;,&quot;_ob_perspektive_use&quot;:&quot;no&quot;,&quot;_ob_poopart_use&quot;:&quot;yes&quot;,&quot;_ob_shadough_use&quot;:&quot;no&quot;,&quot;_ob_allow_hoveranimator&quot;:&quot;no&quot;,&quot;_ob_widget_stalker_use&quot;:&quot;no&quot;}\" data-widget_type=\"text-editor.default\">\n\t\t\t\t<div class=\"elementor-widget-container\">\n\t\t\t\t\t\t\t\t\t<p>Inmitten einer spektakul\u00e4ren Natur l\u00e4dt unsere sch\u00f6ne Region Sie ein, sich zu bewegen, zu erforschen und zu vibrieren. Ob Sie sich nun von den majest\u00e4tischen Gipfeln, den Ufern des Genfersees oder den bezaubernden W\u00e4ldern angezogen f\u00fchlen, jede Landschaft bietet eine einzigartige Gelegenheit, \u00fcber sich hinauszuwachsen. Wandern, Mountainbiking, Wassersport oder Skifahren im Winter: hier ist jeder Tag ein Abenteuer und jede Aktivit\u00e4t ein unvergesslicher Moment.<\/p>\t\t\t\t\t\t\t\t<\/div>\n\t\t\t\t<\/div>\n\t\t\t\t\t<\/div>\n\t\t\t\t<\/div>\n\t\t<div class=\"elementor-element elementor-element-489527b6 e-con-full e-flex e-con e-parent\" data-id=\"489527b6\" data-element_type=\"container\" data-settings=\"{&quot;_ob_use_container_extras&quot;:&quot;no&quot;,&quot;_ob_column_hoveranimator&quot;:&quot;no&quot;,&quot;_ob_glider_is_slider&quot;:&quot;no&quot;,&quot;_ob_column_has_pseudo&quot;:&quot;no&quot;}\">\n\t\t<div data-dce-background-image-url=\"https:\/\/victoria-glion.ch\/wp-content\/uploads\/2025\/07\/ChatGPT-Image-2-juil.-2025-17_38_21.png\" class=\"elementor-element elementor-element-43cf3e9c e-con-full e-flex e-con e-child\" data-id=\"43cf3e9c\" data-element_type=\"container\" data-settings=\"{&quot;background_background&quot;:&quot;classic&quot;,&quot;_ob_use_container_extras&quot;:&quot;no&quot;,&quot;_ob_column_hoveranimator&quot;:&quot;no&quot;,&quot;_ob_glider_is_slider&quot;:&quot;no&quot;,&quot;_ob_column_has_pseudo&quot;:&quot;no&quot;}\">\n\t\t\t\t<\/div>\n\t\t<div class=\"elementor-element elementor-element-742ac0c e-con-full e-flex e-con e-child\" data-id=\"742ac0c\" data-element_type=\"container\" data-settings=\"{&quot;background_background&quot;:&quot;classic&quot;,&quot;_ob_use_container_extras&quot;:&quot;no&quot;,&quot;_ob_column_hoveranimator&quot;:&quot;no&quot;,&quot;_ob_glider_is_slider&quot;:&quot;no&quot;,&quot;_ob_column_has_pseudo&quot;:&quot;no&quot;}\">\n\t\t\t\t<div class=\"elementor-element elementor-element-89b339a elementor-view-default elementor-position-top elementor-mobile-position-top ob-has-background-overlay elementor-widget elementor-widget-icon-box\" data-id=\"89b339a\" data-element_type=\"widget\" data-settings=\"{&quot;_ob_perspektive_use&quot;:&quot;no&quot;,&quot;_ob_poopart_use&quot;:&quot;yes&quot;,&quot;_ob_shadough_use&quot;:&quot;no&quot;,&quot;_ob_allow_hoveranimator&quot;:&quot;no&quot;,&quot;_ob_widget_stalker_use&quot;:&quot;no&quot;}\" data-widget_type=\"icon-box.default\">\n\t\t\t\t<div class=\"elementor-widget-container\">\n\t\t\t\t\t\t\t<div class=\"elementor-icon-box-wrapper\">\n\n\t\t\t\t\t\t<div class=\"elementor-icon-box-icon\">\n\t\t\t\t<span  class=\"elementor-icon\">\n\t\t\t\t<svg xmlns=\"http:\/\/www.w3.org\/2000\/svg\" viewBox=\"0 0 40 22.9\"><defs><clipPath id=\"clippath\"><rect y=\"0\" width=\"40\" height=\"22.9\"><\/rect><\/clipPath><\/defs><g id=\"Groupe_349\"><g clip-path=\"url(#clippath)\"><g id=\"Groupe_233\"><path id=\"Trac&#xE9;_365\" d=\"M37.1,15c1.5-.5,2.7-1.8,2.9-3.4.4-2.3-1.2-4.5-3.5-4.9-1.4-.2-2.8.3-3.8,1.3-6.2,7.1-7,13.2-7,13.2,3.3-3,7.2-5.1,11.5-6.2\"><\/path><path id=\"Trac&#xE9;_366\" d=\"M2.9,15c-1.5-.5-2.7-1.8-2.9-3.4-.4-2.3,1.2-4.5,3.5-4.9,1.4-.2,2.8.3,3.8,1.3,6.2,7.1,7,13.2,7,13.2-3.3-3-7.2-5.1-11.5-6.2\"><\/path><path id=\"Trac&#xE9;_367\" d=\"M25.3,5.2C25.3,2.3,22.9,0,20.1,0s-5.2,2.3-5.2,5.2,5.2,17.8,5.2,17.8c0,0,5.2-14.9,5.2-17.8\"><\/path><\/g><\/g><\/g><\/svg>\t\t\t\t<\/span>\n\t\t\t<\/div>\n\t\t\t\n\t\t\t\n\t\t<\/div>\n\t\t\t\t\t\t<\/div>\n\t\t\t\t<\/div>\n\t\t\t\t<div class=\"elementor-element elementor-element-473586a ob-harakiri-inherit ob-has-background-overlay elementor-widget elementor-widget-text-editor\" data-id=\"473586a\" data-element_type=\"widget\" data-settings=\"{&quot;_ob_use_harakiri&quot;:&quot;yes&quot;,&quot;_ob_harakiri_writing_mode&quot;:&quot;inherit&quot;,&quot;_ob_postman_use&quot;:&quot;no&quot;,&quot;_ob_perspektive_use&quot;:&quot;no&quot;,&quot;_ob_poopart_use&quot;:&quot;yes&quot;,&quot;_ob_shadough_use&quot;:&quot;no&quot;,&quot;_ob_allow_hoveranimator&quot;:&quot;no&quot;,&quot;_ob_widget_stalker_use&quot;:&quot;no&quot;}\" data-widget_type=\"text-editor.default\">\n\t\t\t\t<div class=\"elementor-widget-container\">\n\t\t\t\t\t\t\t\t\t<p>Die Berge rund um Montreux sind ein Paradies f\u00fcr Sport- und Naturliebhaber. Wandern auf Panoramawegen, Trailrunning f\u00fcr die Dynamischen oder Mountainbiking auf geeigneten Strecken: jeder Ausflug verspricht eine atemberaubende Aussicht. Kletterer k\u00f6nnen die Felsw\u00e4nde in Angriff nehmen oder den Klettersteig von Rochers-de-Naye ausprobieren. Im Winter verwandeln sich die Berge in einen Spielplatz f\u00fcr Skifahren, Schneeschuhwandern und Rodeln. Oder wie w\u00e4re es mit einem Winterbad im Genfersee? Ob Sie sich selbst \u00fcbertreffen oder einfach nur die reine Alpenluft einatmen wollen, jede Jahreszeit bietet unvergessliche Erlebnisse.<\/p>\t\t\t\t\t\t\t\t<\/div>\n\t\t\t\t<\/div>\n\t\t\t\t<\/div>\n\t\t\t\t<\/div>\n\t\t<div class=\"elementor-element elementor-element-77fc3b6f e-con-full e-flex e-con e-parent\" data-id=\"77fc3b6f\" data-element_type=\"container\" data-settings=\"{&quot;_ob_use_container_extras&quot;:&quot;no&quot;,&quot;_ob_column_hoveranimator&quot;:&quot;no&quot;,&quot;_ob_glider_is_slider&quot;:&quot;no&quot;,&quot;_ob_column_has_pseudo&quot;:&quot;no&quot;}\">\n\t\t<div class=\"elementor-element elementor-element-71f4bef0 e-con-full e-flex e-con e-child\" data-id=\"71f4bef0\" data-element_type=\"container\" data-settings=\"{&quot;_ob_use_container_extras&quot;:&quot;no&quot;,&quot;_ob_column_hoveranimator&quot;:&quot;no&quot;,&quot;_ob_glider_is_slider&quot;:&quot;no&quot;,&quot;_ob_column_has_pseudo&quot;:&quot;no&quot;}\">\n\t\t\t\t<div class=\"elementor-element elementor-element-ec16b8f elementor-view-default elementor-position-top elementor-mobile-position-top ob-has-background-overlay elementor-widget elementor-widget-icon-box\" data-id=\"ec16b8f\" data-element_type=\"widget\" data-settings=\"{&quot;_ob_perspektive_use&quot;:&quot;no&quot;,&quot;_ob_poopart_use&quot;:&quot;yes&quot;,&quot;_ob_shadough_use&quot;:&quot;no&quot;,&quot;_ob_allow_hoveranimator&quot;:&quot;no&quot;,&quot;_ob_widget_stalker_use&quot;:&quot;no&quot;}\" data-widget_type=\"icon-box.default\">\n\t\t\t\t<div class=\"elementor-widget-container\">\n\t\t\t\t\t\t\t<div class=\"elementor-icon-box-wrapper\">\n\n\t\t\t\t\t\t<div class=\"elementor-icon-box-icon\">\n\t\t\t\t<span  class=\"elementor-icon\">\n\t\t\t\t<svg xmlns=\"http:\/\/www.w3.org\/2000\/svg\" viewBox=\"0 0 40 22.9\"><defs><clipPath id=\"clippath\"><rect y=\"0\" width=\"40\" height=\"22.9\"><\/rect><\/clipPath><\/defs><g id=\"Groupe_349\"><g clip-path=\"url(#clippath)\"><g id=\"Groupe_233\"><path id=\"Trac&#xE9;_365\" d=\"M37.1,15c1.5-.5,2.7-1.8,2.9-3.4.4-2.3-1.2-4.5-3.5-4.9-1.4-.2-2.8.3-3.8,1.3-6.2,7.1-7,13.2-7,13.2,3.3-3,7.2-5.1,11.5-6.2\"><\/path><path id=\"Trac&#xE9;_366\" d=\"M2.9,15c-1.5-.5-2.7-1.8-2.9-3.4-.4-2.3,1.2-4.5,3.5-4.9,1.4-.2,2.8.3,3.8,1.3,6.2,7.1,7,13.2,7,13.2-3.3-3-7.2-5.1-11.5-6.2\"><\/path><path id=\"Trac&#xE9;_367\" d=\"M25.3,5.2C25.3,2.3,22.9,0,20.1,0s-5.2,2.3-5.2,5.2,5.2,17.8,5.2,17.8c0,0,5.2-14.9,5.2-17.8\"><\/path><\/g><\/g><\/g><\/svg>\t\t\t\t<\/span>\n\t\t\t<\/div>\n\t\t\t\n\t\t\t\n\t\t<\/div>\n\t\t\t\t\t\t<\/div>\n\t\t\t\t<\/div>\n\t\t\t\t<div class=\"elementor-element elementor-element-e340abf ob-harakiri-inherit ob-has-background-overlay elementor-widget elementor-widget-text-editor\" data-id=\"e340abf\" data-element_type=\"widget\" data-settings=\"{&quot;_ob_use_harakiri&quot;:&quot;yes&quot;,&quot;_ob_harakiri_writing_mode&quot;:&quot;inherit&quot;,&quot;_ob_postman_use&quot;:&quot;no&quot;,&quot;_ob_perspektive_use&quot;:&quot;no&quot;,&quot;_ob_poopart_use&quot;:&quot;yes&quot;,&quot;_ob_shadough_use&quot;:&quot;no&quot;,&quot;_ob_allow_hoveranimator&quot;:&quot;no&quot;,&quot;_ob_widget_stalker_use&quot;:&quot;no&quot;}\" data-widget_type=\"text-editor.default\">\n\t\t\t\t<div class=\"elementor-widget-container\">\n\t\t\t\t\t\t\t\t\t<p>Ziehen Sie Ihre Bahnen in unserem Au\u00dfenpool, ideal f\u00fcr ein erfrischendes Training, oder nutzen Sie unseren Tennisplatz (CHF 30.\u2013\/Std.) f\u00fcr intensive Matches in einer spektakul\u00e4ren Umgebung zwischen See und Bergen.<\/p>\t\t\t\t\t\t\t\t<\/div>\n\t\t\t\t<\/div>\n\t\t\t\t<\/div>\n\t\t<div data-dce-background-image-url=\"https:\/\/victoria-glion.ch\/wp-content\/uploads\/2025\/07\/YohanNieto_2023_HotelVictoria_TIFF_037.jpg\" class=\"elementor-element elementor-element-e19e84a e-con-full e-flex e-con e-child\" data-id=\"e19e84a\" data-element_type=\"container\" data-settings=\"{&quot;background_background&quot;:&quot;classic&quot;,&quot;_ob_use_container_extras&quot;:&quot;no&quot;,&quot;_ob_column_hoveranimator&quot;:&quot;no&quot;,&quot;_ob_glider_is_slider&quot;:&quot;no&quot;,&quot;_ob_column_has_pseudo&quot;:&quot;no&quot;}\">\n\t\t\t\t<\/div>\n\t\t\t\t<\/div>\n\t\t<div class=\"elementor-element elementor-element-b7c349c e-con-full e-flex e-con e-parent\" data-id=\"b7c349c\" data-element_type=\"container\" data-settings=\"{&quot;background_background&quot;:&quot;classic&quot;,&quot;_ob_use_container_extras&quot;:&quot;no&quot;,&quot;_ob_column_hoveranimator&quot;:&quot;no&quot;,&quot;_ob_glider_is_slider&quot;:&quot;no&quot;,&quot;_ob_column_has_pseudo&quot;:&quot;no&quot;}\">\n\t\t\t\t<div class=\"elementor-element elementor-element-fac7905 animated-fast elementor-widget__width-initial elementor-view-default elementor-position-top elementor-mobile-position-top elementor-invisible ob-has-background-overlay elementor-widget elementor-widget-icon-box\" data-id=\"fac7905\" data-element_type=\"widget\" data-settings=\"{&quot;_animation&quot;:&quot;fadeInDown&quot;,&quot;_animation_tablet&quot;:&quot;none&quot;,&quot;_animation_mobile&quot;:&quot;none&quot;,&quot;_ob_perspektive_use&quot;:&quot;no&quot;,&quot;_ob_poopart_use&quot;:&quot;yes&quot;,&quot;_ob_shadough_use&quot;:&quot;no&quot;,&quot;_ob_allow_hoveranimator&quot;:&quot;no&quot;,&quot;_ob_widget_stalker_use&quot;:&quot;no&quot;}\" data-widget_type=\"icon-box.default\">\n\t\t\t\t<div class=\"elementor-widget-container\">\n\t\t\t\t\t\t\t<div class=\"elementor-icon-box-wrapper\">\n\n\t\t\t\t\t\t<div class=\"elementor-icon-box-icon\">\n\t\t\t\t<span  class=\"elementor-icon\">\n\t\t\t\t<svg xmlns=\"http:\/\/www.w3.org\/2000\/svg\" viewBox=\"0 0 40 22.9\"><defs><clipPath id=\"clippath\"><rect y=\"0\" width=\"40\" height=\"22.9\"><\/rect><\/clipPath><\/defs><g id=\"Groupe_349\"><g clip-path=\"url(#clippath)\"><g id=\"Groupe_233\"><path id=\"Trac&#xE9;_365\" d=\"M37.1,15c1.5-.5,2.7-1.8,2.9-3.4.4-2.3-1.2-4.5-3.5-4.9-1.4-.2-2.8.3-3.8,1.3-6.2,7.1-7,13.2-7,13.2,3.3-3,7.2-5.1,11.5-6.2\"><\/path><path id=\"Trac&#xE9;_366\" d=\"M2.9,15c-1.5-.5-2.7-1.8-2.9-3.4-.4-2.3,1.2-4.5,3.5-4.9,1.4-.2,2.8.3,3.8,1.3,6.2,7.1,7,13.2,7,13.2-3.3-3-7.2-5.1-11.5-6.2\"><\/path><path id=\"Trac&#xE9;_367\" d=\"M25.3,5.2C25.3,2.3,22.9,0,20.1,0s-5.2,2.3-5.2,5.2,5.2,17.8,5.2,17.8c0,0,5.2-14.9,5.2-17.8\"><\/path><\/g><\/g><\/g><\/svg>\t\t\t\t<\/span>\n\t\t\t<\/div>\n\t\t\t\n\t\t\t\t\t\t<div class=\"elementor-icon-box-content\">\n\n\t\t\t\t\t\t\t\t\t<h2 class=\"elementor-icon-box-title\">\n\t\t\t\t\t\t<span  >\n\t\t\t\t\t\t\tSportliche Aktivit\u00e4ten\t\t\t\t\t\t<\/span>\n\t\t\t\t\t<\/h2>\n\t\t\t\t\n\t\t\t\t\n\t\t\t<\/div>\n\t\t\t\n\t\t<\/div>\n\t\t\t\t\t\t<\/div>\n\t\t\t\t<\/div>\n\t\t<div class=\"elementor-element elementor-element-9919efa e-con-full e-flex e-con e-child\" data-id=\"9919efa\" data-element_type=\"container\" data-settings=\"{&quot;_ob_use_container_extras&quot;:&quot;no&quot;,&quot;_ob_column_hoveranimator&quot;:&quot;no&quot;,&quot;_ob_glider_is_slider&quot;:&quot;no&quot;,&quot;_ob_column_has_pseudo&quot;:&quot;no&quot;}\">\n\t\t\t\t<div class=\"elementor-element elementor-element-aad42d9 decale-border elementor-skin-carousel elementor-widget elementor-widget-media-carousel\" data-id=\"aad42d9\" data-element_type=\"widget\" data-settings=\"{&quot;slides_per_view&quot;:&quot;4&quot;,&quot;slides_per_view_tablet&quot;:&quot;3&quot;,&quot;slides_per_view_mobile&quot;:&quot;1&quot;,&quot;slides_to_scroll&quot;:&quot;1&quot;,&quot;space_between&quot;:{&quot;unit&quot;:&quot;px&quot;,&quot;size&quot;:180,&quot;sizes&quot;:[]},&quot;space_between_laptop&quot;:{&quot;unit&quot;:&quot;px&quot;,&quot;size&quot;:30,&quot;sizes&quot;:[]},&quot;space_between_tablet&quot;:{&quot;unit&quot;:&quot;px&quot;,&quot;size&quot;:30,&quot;sizes&quot;:[]},&quot;space_between_mobile&quot;:{&quot;unit&quot;:&quot;px&quot;,&quot;size&quot;:30,&quot;sizes&quot;:[]},&quot;skin&quot;:&quot;carousel&quot;,&quot;effect&quot;:&quot;slide&quot;,&quot;speed&quot;:500,&quot;autoplay&quot;:&quot;yes&quot;,&quot;autoplay_speed&quot;:5000,&quot;loop&quot;:&quot;yes&quot;,&quot;pause_on_hover&quot;:&quot;yes&quot;,&quot;_ob_perspektive_use&quot;:&quot;no&quot;}\" data-widget_type=\"media-carousel.default\">\n\t\t\t\t<div class=\"elementor-widget-container\">\n\t\t\t\t\t\t\t\t\t<div class=\"elementor-swiper\">\n\t\t\t\t\t<div class=\"elementor-main-swiper swiper\" role=\"region\" aria-roledescription=\"carousel\" aria-label=\"Diapositives\">\n\t\t\t\t<div class=\"swiper-wrapper\">\n\t\t\t\t\t\t\t\t\t\t\t<div class=\"swiper-slide\" role=\"group\" aria-roledescription=\"slide\">\n\t\t\t\t\t\t\t\t\t<div class=\"elementor-carousel-image\" role=\"img\" aria-label=\"closeup-golf-club-and-golf-ball-on-green-grass-2023-11-27-05-14-46-utcx1280-WEB\" style=\"background-image: url(&#039;https:\/\/victoria-glion.ch\/wp-content\/uploads\/2024\/12\/closeup-golf-club-and-golf-ball-on-green-grass-2023-11-27-05-14-46-utcx1280-WEB.jpg&#039;)\">\n\n\t\t\t\n\t\t\t\t\t<\/div>\n\t\t\t\t\t\t\t\t<\/div>\n\t\t\t\t\t\t\t\t\t\t\t<div class=\"swiper-slide\" role=\"group\" aria-roledescription=\"slide\">\n\t\t\t\t\t\t\t\t\t<div class=\"elementor-carousel-image\" role=\"img\" aria-label=\"RDN_Hiver19(c)MaudeRion-1876x1920-WEB\" style=\"background-image: url(&#039;https:\/\/victoria-glion.ch\/wp-content\/uploads\/2024\/12\/RDN_Hiver19cMaudeRion-1876x1920-WEB.jpg&#039;)\">\n\n\t\t\t\n\t\t\t\t\t<\/div>\n\t\t\t\t\t\t\t\t<\/div>\n\t\t\t\t\t\t\t\t\t\t\t<div class=\"swiper-slide\" role=\"group\" aria-roledescription=\"slide\">\n\t\t\t\t\t\t\t\t\t<div class=\"elementor-carousel-image\" role=\"img\" aria-label=\"RochersdeNaye2019(c)Gre\u0301goireChappuis-2121x1920\" style=\"background-image: url(&#039;https:\/\/victoria-glion.ch\/wp-content\/uploads\/2024\/12\/RochersdeNaye2019cGregoireChappuis-2121x1920-1.jpg&#039;)\">\n\n\t\t\t\n\t\t\t\t\t<\/div>\n\t\t\t\t\t\t\t\t<\/div>\n\t\t\t\t\t\t\t\t\t\t\t<div class=\"swiper-slide\" role=\"group\" aria-roledescription=\"slide\">\n\t\t\t\t\t\t\t\t\t<div class=\"elementor-carousel-image\" role=\"img\" aria-label=\"\u00a9 Maude Rion\" style=\"background-image: url(&#039;https:\/\/victoria-glion.ch\/wp-content\/uploads\/2024\/12\/PaddlecMaude-Rion-5.jpg&#039;)\">\n\n\t\t\t\n\t\t\t\t\t<\/div>\n\t\t\t\t\t\t\t\t<\/div>\n\t\t\t\t\t\t\t\t\t<\/div>\n\t\t\t\t\t\t\t\t\t\t\t\t\t\t\t\t\t\t\t\t\t<\/div>\n\t\t\t\t<\/div>\n\t\t\t\t\t\t\t\t<\/div>\n\t\t\t\t<\/div>\n\t\t\t\t<\/div>\n\t\t\t\t<\/div>\n\t\t\t\t<\/div>\n\t\t","protected":false},"excerpt":{"rendered":"<p>Sportliche Aktivit\u00e4ten Inmitten einer spektakul\u00e4ren Natur l\u00e4dt unsere sch\u00f6ne Region Sie ein, sich zu bewegen, zu erforschen und zu vibrieren. Ob Sie sich nun von den majest\u00e4tischen Gipfeln, den Ufern des Genfersees oder den bezaubernden W\u00e4ldern angezogen f\u00fchlen, jede Landschaft bietet eine einzigartige Gelegenheit, \u00fcber sich hinauszuwachsen. Wandern, Mountainbiking, Wassersport oder Skifahren im Winter: hier [&hellip;]<\/p>\n","protected":false},"author":1,"featured_media":0,"parent":0,"menu_order":5,"comment_status":"closed","ping_status":"closed","template":"elementor_header_footer","meta":{"_acf_changed":false,"footnotes":""},"class_list":["post-3292","page","type-page","status-publish","hentry"],"acf":[],"_links":{"self":[{"href":"https:\/\/victoria-glion.ch\/de\/wp-json\/wp\/v2\/pages\/3292","targetHints":{"allow":["GET"]}}],"collection":[{"href":"https:\/\/victoria-glion.ch\/de\/wp-json\/wp\/v2\/pages"}],"about":[{"href":"https:\/\/victoria-glion.ch\/de\/wp-json\/wp\/v2\/types\/page"}],"author":[{"embeddable":true,"href":"https:\/\/victoria-glion.ch\/de\/wp-json\/wp\/v2\/users\/1"}],"replies":[{"embeddable":true,"href":"https:\/\/victoria-glion.ch\/de\/wp-json\/wp\/v2\/comments?post=3292"}],"version-history":[{"count":3,"href":"https:\/\/victoria-glion.ch\/de\/wp-json\/wp\/v2\/pages\/3292\/revisions"}],"predecessor-version":[{"id":8479,"href":"https:\/\/victoria-glion.ch\/de\/wp-json\/wp\/v2\/pages\/3292\/revisions\/8479"}],"wp:attachment":[{"href":"https:\/\/victoria-glion.ch\/de\/wp-json\/wp\/v2\/media?parent=3292"}],"curies":[{"name":"wp","href":"https:\/\/api.w.org\/{rel}","templated":true}]}}