{"id":3355,"date":"2024-12-13T15:02:17","date_gmt":"2024-12-13T14:02:17","guid":{"rendered":"https:\/\/victoria-glion.ch\/ausfluege\/"},"modified":"2026-04-16T17:25:41","modified_gmt":"2026-04-16T15:25:41","slug":"ausfluege","status":"publish","type":"page","link":"https:\/\/victoria-glion.ch\/de\/ausfluege\/","title":{"rendered":"Ausfl\u00fcge"},"content":{"rendered":"\t\t<div data-elementor-type=\"wp-page\" data-elementor-id=\"3355\" class=\"elementor elementor-3355 elementor-1317\" data-elementor-post-type=\"page\">\n\t\t\t\t<div data-dce-background-overlay-color=\"#02010100\" data-dce-background-image-url=\"https:\/\/dev.victoria-glion.ch\/wp-content\/uploads\/2024\/12\/chillon-castle-on-lake-geneva-switzerland-2024-08-26-18-33-42-utc-LOW.jpg\" class=\"elementor-element elementor-element-953c6ba e-flex e-con-boxed e-con e-parent\" data-id=\"953c6ba\" data-element_type=\"container\" data-settings=\"{&quot;background_background&quot;:&quot;classic&quot;,&quot;_ob_use_container_extras&quot;:&quot;no&quot;,&quot;_ob_column_hoveranimator&quot;:&quot;no&quot;,&quot;_ob_glider_is_slider&quot;:&quot;no&quot;,&quot;_ob_column_has_pseudo&quot;:&quot;no&quot;}\">\n\t\t\t\t\t<div class=\"e-con-inner\">\n\t\t\t\t<div class=\"elementor-element elementor-element-c071bbe ob-harakiri-inherit ob-has-background-overlay elementor-widget elementor-widget-heading\" data-id=\"c071bbe\" data-element_type=\"widget\" data-settings=\"{&quot;_ob_use_harakiri&quot;:&quot;yes&quot;,&quot;_ob_harakiri_writing_mode&quot;:&quot;inherit&quot;,&quot;_ob_harakiri_text_clip&quot;:&quot;none&quot;,&quot;_ob_perspektive_use&quot;:&quot;no&quot;,&quot;_ob_poopart_use&quot;:&quot;yes&quot;,&quot;_ob_shadough_use&quot;:&quot;no&quot;,&quot;_ob_allow_hoveranimator&quot;:&quot;no&quot;,&quot;_ob_widget_stalker_use&quot;:&quot;no&quot;}\" data-widget_type=\"heading.default\">\n\t\t\t\t<div class=\"elementor-widget-container\">\n\t\t\t\t\t<h1 class=\"elementor-heading-title elementor-size-default\">Ausfl\u00fcge<\/h1>\t\t\t\t<\/div>\n\t\t\t\t<\/div>\n\t\t\t\t<div class=\"elementor-element elementor-element-9f4a46f e-transform elementor-view-default elementor-position-top elementor-mobile-position-top ob-has-background-overlay elementor-widget elementor-widget-icon-box\" data-id=\"9f4a46f\" data-element_type=\"widget\" data-settings=\"{&quot;_transform_rotateZ_effect&quot;:{&quot;unit&quot;:&quot;px&quot;,&quot;size&quot;:180,&quot;sizes&quot;:[]},&quot;_ob_perspektive_use&quot;:&quot;no&quot;,&quot;_transform_rotateZ_effect_laptop&quot;:{&quot;unit&quot;:&quot;deg&quot;,&quot;size&quot;:&quot;&quot;,&quot;sizes&quot;:[]},&quot;_transform_rotateZ_effect_tablet&quot;:{&quot;unit&quot;:&quot;deg&quot;,&quot;size&quot;:&quot;&quot;,&quot;sizes&quot;:[]},&quot;_transform_rotateZ_effect_mobile&quot;:{&quot;unit&quot;:&quot;deg&quot;,&quot;size&quot;:&quot;&quot;,&quot;sizes&quot;:[]},&quot;_ob_poopart_use&quot;:&quot;yes&quot;,&quot;_ob_shadough_use&quot;:&quot;no&quot;,&quot;_ob_allow_hoveranimator&quot;:&quot;no&quot;,&quot;_ob_widget_stalker_use&quot;:&quot;no&quot;}\" data-widget_type=\"icon-box.default\">\n\t\t\t\t<div class=\"elementor-widget-container\">\n\t\t\t\t\t\t\t<div class=\"elementor-icon-box-wrapper\">\n\n\t\t\t\t\t\t<div class=\"elementor-icon-box-icon\">\n\t\t\t\t<span  class=\"elementor-icon\">\n\t\t\t\t<svg xmlns=\"http:\/\/www.w3.org\/2000\/svg\" viewBox=\"0 0 40 22.9\"><defs><clipPath id=\"clippath\"><rect y=\"0\" width=\"40\" height=\"22.9\"><\/rect><\/clipPath><\/defs><g id=\"Groupe_349\"><g clip-path=\"url(#clippath)\"><g id=\"Groupe_233\"><path id=\"Trac&#xE9;_365\" d=\"M37.1,15c1.5-.5,2.7-1.8,2.9-3.4.4-2.3-1.2-4.5-3.5-4.9-1.4-.2-2.8.3-3.8,1.3-6.2,7.1-7,13.2-7,13.2,3.3-3,7.2-5.1,11.5-6.2\"><\/path><path id=\"Trac&#xE9;_366\" d=\"M2.9,15c-1.5-.5-2.7-1.8-2.9-3.4-.4-2.3,1.2-4.5,3.5-4.9,1.4-.2,2.8.3,3.8,1.3,6.2,7.1,7,13.2,7,13.2-3.3-3-7.2-5.1-11.5-6.2\"><\/path><path id=\"Trac&#xE9;_367\" d=\"M25.3,5.2C25.3,2.3,22.9,0,20.1,0s-5.2,2.3-5.2,5.2,5.2,17.8,5.2,17.8c0,0,5.2-14.9,5.2-17.8\"><\/path><\/g><\/g><\/g><\/svg>\t\t\t\t<\/span>\n\t\t\t<\/div>\n\t\t\t\n\t\t\t\n\t\t<\/div>\n\t\t\t\t\t\t<\/div>\n\t\t\t\t<\/div>\n\t\t\t\t<div class=\"elementor-element elementor-element-d9f032e e-transform elementor-widget-divider--view-line ob-has-background-overlay elementor-widget elementor-widget-divider\" data-id=\"d9f032e\" data-element_type=\"widget\" data-settings=\"{&quot;_transform_rotateZ_effect&quot;:{&quot;unit&quot;:&quot;px&quot;,&quot;size&quot;:90,&quot;sizes&quot;:[]},&quot;_ob_perspektive_use&quot;:&quot;no&quot;,&quot;_transform_rotateZ_effect_laptop&quot;:{&quot;unit&quot;:&quot;deg&quot;,&quot;size&quot;:&quot;&quot;,&quot;sizes&quot;:[]},&quot;_transform_rotateZ_effect_tablet&quot;:{&quot;unit&quot;:&quot;deg&quot;,&quot;size&quot;:&quot;&quot;,&quot;sizes&quot;:[]},&quot;_transform_rotateZ_effect_mobile&quot;:{&quot;unit&quot;:&quot;deg&quot;,&quot;size&quot;:&quot;&quot;,&quot;sizes&quot;:[]},&quot;_ob_poopart_use&quot;:&quot;yes&quot;,&quot;_ob_shadough_use&quot;:&quot;no&quot;,&quot;_ob_allow_hoveranimator&quot;:&quot;no&quot;,&quot;_ob_widget_stalker_use&quot;:&quot;no&quot;}\" data-widget_type=\"divider.default\">\n\t\t\t\t<div class=\"elementor-widget-container\">\n\t\t\t\t\t\t\t<div class=\"elementor-divider\">\n\t\t\t<span class=\"elementor-divider-separator\">\n\t\t\t\t\t\t<\/span>\n\t\t<\/div>\n\t\t\t\t\t\t<\/div>\n\t\t\t\t<\/div>\n\t\t\t\t\t<\/div>\n\t\t\t\t<\/div>\n\t\t<div class=\"elementor-element elementor-element-e48375a e-flex e-con-boxed e-con e-parent\" data-id=\"e48375a\" data-element_type=\"container\" data-settings=\"{&quot;_ob_use_container_extras&quot;:&quot;no&quot;,&quot;_ob_column_hoveranimator&quot;:&quot;no&quot;,&quot;_ob_glider_is_slider&quot;:&quot;no&quot;,&quot;_ob_column_has_pseudo&quot;:&quot;no&quot;}\">\n\t\t\t\t\t<div class=\"e-con-inner\">\n\t\t\t\t<div class=\"elementor-element elementor-element-49e1ac7 elementor-view-default elementor-position-top elementor-mobile-position-top ob-has-background-overlay elementor-widget elementor-widget-icon-box\" data-id=\"49e1ac7\" data-element_type=\"widget\" data-settings=\"{&quot;_ob_perspektive_use&quot;:&quot;no&quot;,&quot;_ob_poopart_use&quot;:&quot;yes&quot;,&quot;_ob_shadough_use&quot;:&quot;no&quot;,&quot;_ob_allow_hoveranimator&quot;:&quot;no&quot;,&quot;_ob_widget_stalker_use&quot;:&quot;no&quot;}\" data-widget_type=\"icon-box.default\">\n\t\t\t\t<div class=\"elementor-widget-container\">\n\t\t\t\t\t\t\t<div class=\"elementor-icon-box-wrapper\">\n\n\t\t\t\t\t\t<div class=\"elementor-icon-box-icon\">\n\t\t\t\t<span  class=\"elementor-icon\">\n\t\t\t\t<svg xmlns=\"http:\/\/www.w3.org\/2000\/svg\" viewBox=\"0 0 40 22.9\"><defs><clipPath id=\"clippath\"><rect y=\"0\" width=\"40\" height=\"22.9\"><\/rect><\/clipPath><\/defs><g id=\"Groupe_349\"><g clip-path=\"url(#clippath)\"><g id=\"Groupe_233\"><path id=\"Trac&#xE9;_365\" d=\"M37.1,15c1.5-.5,2.7-1.8,2.9-3.4.4-2.3-1.2-4.5-3.5-4.9-1.4-.2-2.8.3-3.8,1.3-6.2,7.1-7,13.2-7,13.2,3.3-3,7.2-5.1,11.5-6.2\"><\/path><path id=\"Trac&#xE9;_366\" d=\"M2.9,15c-1.5-.5-2.7-1.8-2.9-3.4-.4-2.3,1.2-4.5,3.5-4.9,1.4-.2,2.8.3,3.8,1.3,6.2,7.1,7,13.2,7,13.2-3.3-3-7.2-5.1-11.5-6.2\"><\/path><path id=\"Trac&#xE9;_367\" d=\"M25.3,5.2C25.3,2.3,22.9,0,20.1,0s-5.2,2.3-5.2,5.2,5.2,17.8,5.2,17.8c0,0,5.2-14.9,5.2-17.8\"><\/path><\/g><\/g><\/g><\/svg>\t\t\t\t<\/span>\n\t\t\t<\/div>\n\t\t\t\n\t\t\t\n\t\t<\/div>\n\t\t\t\t\t\t<\/div>\n\t\t\t\t<\/div>\n\t\t\t\t<div class=\"elementor-element elementor-element-b3fbd48 ob-harakiri-inherit ob-has-background-overlay elementor-widget elementor-widget-text-editor\" data-id=\"b3fbd48\" data-element_type=\"widget\" data-settings=\"{&quot;_ob_use_harakiri&quot;:&quot;yes&quot;,&quot;_ob_harakiri_writing_mode&quot;:&quot;inherit&quot;,&quot;_ob_postman_use&quot;:&quot;no&quot;,&quot;_ob_perspektive_use&quot;:&quot;no&quot;,&quot;_ob_poopart_use&quot;:&quot;yes&quot;,&quot;_ob_shadough_use&quot;:&quot;no&quot;,&quot;_ob_allow_hoveranimator&quot;:&quot;no&quot;,&quot;_ob_widget_stalker_use&quot;:&quot;no&quot;}\" data-widget_type=\"text-editor.default\">\n\t\t\t\t<div class=\"elementor-widget-container\">\n\t\t\t\t\t\t\t\t\t<p>In unserer sch\u00f6nen Region gibt es viele unumg\u00e4ngliche Orte, die es zu entdecken gilt. Erkunden Sie die charmanten D\u00f6rfer in der Umgebung, besuchen Sie das Schloss Chillon, ein Wahrzeichen der lokalen Geschichte, oder machen Sie einen Spaziergang entlang des Ufers des Genfersees mit seinen atemberaubenden Panoramen. F\u00fcr Kulturliebhaber bieten die Festivals von Montreux und die Museen der Region eine reiche k\u00fcnstlerische und historische Welt. Jeder Ausflug ist ein neues Abenteuer, das Sie inmitten dieser aussergew\u00f6hnlichen Landschaft erleben k\u00f6nnen.<\/p>\t\t\t\t\t\t\t\t<\/div>\n\t\t\t\t<\/div>\n\t\t\t\t\t<\/div>\n\t\t\t\t<\/div>\n\t\t<div class=\"elementor-element elementor-element-6c6a037 e-con-full e-flex e-con e-parent\" data-id=\"6c6a037\" data-element_type=\"container\" data-settings=\"{&quot;_ob_use_container_extras&quot;:&quot;no&quot;,&quot;_ob_column_hoveranimator&quot;:&quot;no&quot;,&quot;_ob_glider_is_slider&quot;:&quot;no&quot;,&quot;_ob_column_has_pseudo&quot;:&quot;no&quot;}\">\n\t\t<div data-dce-background-image-url=\"https:\/\/victoria-glion.ch\/wp-content\/uploads\/2024\/12\/DSC_0101-MVT-Judith-Morsel.jpg\" class=\"elementor-element elementor-element-20536d1 e-con-full e-flex e-con e-child\" data-id=\"20536d1\" data-element_type=\"container\" data-settings=\"{&quot;background_background&quot;:&quot;classic&quot;,&quot;_ob_use_container_extras&quot;:&quot;no&quot;,&quot;_ob_column_hoveranimator&quot;:&quot;no&quot;,&quot;_ob_glider_is_slider&quot;:&quot;no&quot;,&quot;_ob_column_has_pseudo&quot;:&quot;no&quot;}\">\n\t\t\t\t<\/div>\n\t\t<div class=\"elementor-element elementor-element-1e5be5d e-con-full e-flex e-con e-child\" data-id=\"1e5be5d\" data-element_type=\"container\" data-settings=\"{&quot;background_background&quot;:&quot;classic&quot;,&quot;_ob_use_container_extras&quot;:&quot;no&quot;,&quot;_ob_column_hoveranimator&quot;:&quot;no&quot;,&quot;_ob_glider_is_slider&quot;:&quot;no&quot;,&quot;_ob_column_has_pseudo&quot;:&quot;no&quot;}\">\n\t\t\t\t<div class=\"elementor-element elementor-element-d195883 elementor-view-default elementor-position-top elementor-mobile-position-top ob-has-background-overlay elementor-widget elementor-widget-icon-box\" data-id=\"d195883\" data-element_type=\"widget\" data-settings=\"{&quot;_ob_perspektive_use&quot;:&quot;no&quot;,&quot;_ob_poopart_use&quot;:&quot;yes&quot;,&quot;_ob_shadough_use&quot;:&quot;no&quot;,&quot;_ob_allow_hoveranimator&quot;:&quot;no&quot;,&quot;_ob_widget_stalker_use&quot;:&quot;no&quot;}\" data-widget_type=\"icon-box.default\">\n\t\t\t\t<div class=\"elementor-widget-container\">\n\t\t\t\t\t\t\t<div class=\"elementor-icon-box-wrapper\">\n\n\t\t\t\t\t\t<div class=\"elementor-icon-box-icon\">\n\t\t\t\t<span  class=\"elementor-icon\">\n\t\t\t\t<svg xmlns=\"http:\/\/www.w3.org\/2000\/svg\" viewBox=\"0 0 40 22.9\"><defs><clipPath id=\"clippath\"><rect y=\"0\" width=\"40\" height=\"22.9\"><\/rect><\/clipPath><\/defs><g id=\"Groupe_349\"><g clip-path=\"url(#clippath)\"><g id=\"Groupe_233\"><path id=\"Trac&#xE9;_365\" d=\"M37.1,15c1.5-.5,2.7-1.8,2.9-3.4.4-2.3-1.2-4.5-3.5-4.9-1.4-.2-2.8.3-3.8,1.3-6.2,7.1-7,13.2-7,13.2,3.3-3,7.2-5.1,11.5-6.2\"><\/path><path id=\"Trac&#xE9;_366\" d=\"M2.9,15c-1.5-.5-2.7-1.8-2.9-3.4-.4-2.3,1.2-4.5,3.5-4.9,1.4-.2,2.8.3,3.8,1.3,6.2,7.1,7,13.2,7,13.2-3.3-3-7.2-5.1-11.5-6.2\"><\/path><path id=\"Trac&#xE9;_367\" d=\"M25.3,5.2C25.3,2.3,22.9,0,20.1,0s-5.2,2.3-5.2,5.2,5.2,17.8,5.2,17.8c0,0,5.2-14.9,5.2-17.8\"><\/path><\/g><\/g><\/g><\/svg>\t\t\t\t<\/span>\n\t\t\t<\/div>\n\t\t\t\n\t\t\t\n\t\t<\/div>\n\t\t\t\t\t\t<\/div>\n\t\t\t\t<\/div>\n\t\t\t\t<div class=\"elementor-element elementor-element-40018d1 ob-harakiri-inherit ob-has-background-overlay elementor-widget elementor-widget-text-editor\" data-id=\"40018d1\" data-element_type=\"widget\" data-settings=\"{&quot;_ob_use_harakiri&quot;:&quot;yes&quot;,&quot;_ob_harakiri_writing_mode&quot;:&quot;inherit&quot;,&quot;_ob_postman_use&quot;:&quot;no&quot;,&quot;_ob_perspektive_use&quot;:&quot;no&quot;,&quot;_ob_poopart_use&quot;:&quot;yes&quot;,&quot;_ob_shadough_use&quot;:&quot;no&quot;,&quot;_ob_allow_hoveranimator&quot;:&quot;no&quot;,&quot;_ob_widget_stalker_use&quot;:&quot;no&quot;}\" data-widget_type=\"text-editor.default\">\n\t\t\t\t<div class=\"elementor-widget-container\">\n\t\t\t\t\t\t\t\t\t<p>Das Jenisch-Museum in Vevey, das sich der modernen Kunst widmet, und die Fondation Gianadda in Martigny, die f\u00fcr ihre Kunst- und Arch\u00e4ologieausstellungen bekannt ist, vervollst\u00e4ndigen das kulturelle Angebot der Region, zusammen mit dem Chaplin&#8217;s World Museum und dem Mus\u00e9e de l&#8217;Art Brut. Ein Muss f\u00fcr Kunst- und Geschichtsliebhaber.<\/p>\t\t\t\t\t\t\t\t<\/div>\n\t\t\t\t<\/div>\n\t\t\t\t<\/div>\n\t\t\t\t<\/div>\n\t\t<div class=\"elementor-element elementor-element-7d6328e e-con-full e-flex e-con e-parent\" data-id=\"7d6328e\" data-element_type=\"container\" data-settings=\"{&quot;_ob_use_container_extras&quot;:&quot;no&quot;,&quot;_ob_column_hoveranimator&quot;:&quot;no&quot;,&quot;_ob_glider_is_slider&quot;:&quot;no&quot;,&quot;_ob_column_has_pseudo&quot;:&quot;no&quot;}\">\n\t\t<div class=\"elementor-element elementor-element-a3a9582 e-con-full e-flex e-con e-child\" data-id=\"a3a9582\" data-element_type=\"container\" data-settings=\"{&quot;_ob_use_container_extras&quot;:&quot;no&quot;,&quot;_ob_column_hoveranimator&quot;:&quot;no&quot;,&quot;_ob_glider_is_slider&quot;:&quot;no&quot;,&quot;_ob_column_has_pseudo&quot;:&quot;no&quot;}\">\n\t\t\t\t<div class=\"elementor-element elementor-element-53d64f1 elementor-view-default elementor-position-top elementor-mobile-position-top ob-has-background-overlay elementor-widget elementor-widget-icon-box\" data-id=\"53d64f1\" data-element_type=\"widget\" data-settings=\"{&quot;_ob_perspektive_use&quot;:&quot;no&quot;,&quot;_ob_poopart_use&quot;:&quot;yes&quot;,&quot;_ob_shadough_use&quot;:&quot;no&quot;,&quot;_ob_allow_hoveranimator&quot;:&quot;no&quot;,&quot;_ob_widget_stalker_use&quot;:&quot;no&quot;}\" data-widget_type=\"icon-box.default\">\n\t\t\t\t<div class=\"elementor-widget-container\">\n\t\t\t\t\t\t\t<div class=\"elementor-icon-box-wrapper\">\n\n\t\t\t\t\t\t<div class=\"elementor-icon-box-icon\">\n\t\t\t\t<span  class=\"elementor-icon\">\n\t\t\t\t<svg xmlns=\"http:\/\/www.w3.org\/2000\/svg\" viewBox=\"0 0 40 22.9\"><defs><clipPath id=\"clippath\"><rect y=\"0\" width=\"40\" height=\"22.9\"><\/rect><\/clipPath><\/defs><g id=\"Groupe_349\"><g clip-path=\"url(#clippath)\"><g id=\"Groupe_233\"><path id=\"Trac&#xE9;_365\" d=\"M37.1,15c1.5-.5,2.7-1.8,2.9-3.4.4-2.3-1.2-4.5-3.5-4.9-1.4-.2-2.8.3-3.8,1.3-6.2,7.1-7,13.2-7,13.2,3.3-3,7.2-5.1,11.5-6.2\"><\/path><path id=\"Trac&#xE9;_366\" d=\"M2.9,15c-1.5-.5-2.7-1.8-2.9-3.4-.4-2.3,1.2-4.5,3.5-4.9,1.4-.2,2.8.3,3.8,1.3,6.2,7.1,7,13.2,7,13.2-3.3-3-7.2-5.1-11.5-6.2\"><\/path><path id=\"Trac&#xE9;_367\" d=\"M25.3,5.2C25.3,2.3,22.9,0,20.1,0s-5.2,2.3-5.2,5.2,5.2,17.8,5.2,17.8c0,0,5.2-14.9,5.2-17.8\"><\/path><\/g><\/g><\/g><\/svg>\t\t\t\t<\/span>\n\t\t\t<\/div>\n\t\t\t\n\t\t\t\n\t\t<\/div>\n\t\t\t\t\t\t<\/div>\n\t\t\t\t<\/div>\n\t\t\t\t<div class=\"elementor-element elementor-element-392c239 ob-harakiri-inherit ob-has-background-overlay elementor-widget elementor-widget-text-editor\" data-id=\"392c239\" data-element_type=\"widget\" data-settings=\"{&quot;_ob_use_harakiri&quot;:&quot;yes&quot;,&quot;_ob_harakiri_writing_mode&quot;:&quot;inherit&quot;,&quot;_ob_postman_use&quot;:&quot;no&quot;,&quot;_ob_perspektive_use&quot;:&quot;no&quot;,&quot;_ob_poopart_use&quot;:&quot;yes&quot;,&quot;_ob_shadough_use&quot;:&quot;no&quot;,&quot;_ob_allow_hoveranimator&quot;:&quot;no&quot;,&quot;_ob_widget_stalker_use&quot;:&quot;no&quot;}\" data-widget_type=\"text-editor.default\">\n\t\t\t\t<div class=\"elementor-widget-container\">\n\t\t\t\t\t\t\t\t\t<p>Montreux, am Ufer des Genfersees gelegen, ist eine symboltr\u00e4chtige Stadt, die durch ihre kosmopolitische Atmosph\u00e4re und ihre aussergew\u00f6hnliche nat\u00fcrliche Umgebung besticht. Mit seinen Str\u00e4nden, der Seepromenade mit der Blumenpracht und den Palmen werden Sie schnell in Ferienstimmung kommen. Bekannt f\u00fcr das ber\u00fchmte Montreux Jazz Festival, ist die Stadt auch ein Ort der Geschichte, mit Sehensw\u00fcrdigkeiten wie dem Schloss Chillon und spannenden Museen.<\/p>\t\t\t\t\t\t\t\t<\/div>\n\t\t\t\t<\/div>\n\t\t\t\t<\/div>\n\t\t<div data-dce-background-image-url=\"https:\/\/victoria-glion.ch\/wp-content\/uploads\/2024\/12\/Montreux2019cMaudeRion-2614.jpg\" class=\"elementor-element elementor-element-dc023f6 e-con-full e-flex e-con e-child\" data-id=\"dc023f6\" data-element_type=\"container\" data-settings=\"{&quot;background_background&quot;:&quot;classic&quot;,&quot;_ob_use_container_extras&quot;:&quot;no&quot;,&quot;_ob_column_hoveranimator&quot;:&quot;no&quot;,&quot;_ob_glider_is_slider&quot;:&quot;no&quot;,&quot;_ob_column_has_pseudo&quot;:&quot;no&quot;}\">\n\t\t\t\t<\/div>\n\t\t\t\t<\/div>\n\t\t<div class=\"elementor-element elementor-element-8407347 e-con-full e-flex e-con e-parent\" data-id=\"8407347\" data-element_type=\"container\" data-settings=\"{&quot;background_background&quot;:&quot;classic&quot;,&quot;_ob_use_container_extras&quot;:&quot;no&quot;,&quot;_ob_column_hoveranimator&quot;:&quot;no&quot;,&quot;_ob_glider_is_slider&quot;:&quot;no&quot;,&quot;_ob_column_has_pseudo&quot;:&quot;no&quot;}\">\n\t\t\t\t<div class=\"elementor-element elementor-element-cff5c2b animated-fast elementor-widget__width-initial elementor-view-default elementor-position-top elementor-mobile-position-top elementor-invisible ob-has-background-overlay elementor-widget elementor-widget-icon-box\" data-id=\"cff5c2b\" data-element_type=\"widget\" data-settings=\"{&quot;_animation&quot;:&quot;fadeInDown&quot;,&quot;_animation_tablet&quot;:&quot;none&quot;,&quot;_ob_perspektive_use&quot;:&quot;no&quot;,&quot;_ob_poopart_use&quot;:&quot;yes&quot;,&quot;_ob_shadough_use&quot;:&quot;no&quot;,&quot;_ob_allow_hoveranimator&quot;:&quot;no&quot;,&quot;_ob_widget_stalker_use&quot;:&quot;no&quot;}\" data-widget_type=\"icon-box.default\">\n\t\t\t\t<div class=\"elementor-widget-container\">\n\t\t\t\t\t\t\t<div class=\"elementor-icon-box-wrapper\">\n\n\t\t\t\t\t\t<div class=\"elementor-icon-box-icon\">\n\t\t\t\t<span  class=\"elementor-icon\">\n\t\t\t\t<svg xmlns=\"http:\/\/www.w3.org\/2000\/svg\" viewBox=\"0 0 40 22.9\"><defs><clipPath id=\"clippath\"><rect y=\"0\" width=\"40\" height=\"22.9\"><\/rect><\/clipPath><\/defs><g id=\"Groupe_349\"><g clip-path=\"url(#clippath)\"><g id=\"Groupe_233\"><path id=\"Trac&#xE9;_365\" d=\"M37.1,15c1.5-.5,2.7-1.8,2.9-3.4.4-2.3-1.2-4.5-3.5-4.9-1.4-.2-2.8.3-3.8,1.3-6.2,7.1-7,13.2-7,13.2,3.3-3,7.2-5.1,11.5-6.2\"><\/path><path id=\"Trac&#xE9;_366\" d=\"M2.9,15c-1.5-.5-2.7-1.8-2.9-3.4-.4-2.3,1.2-4.5,3.5-4.9,1.4-.2,2.8.3,3.8,1.3,6.2,7.1,7,13.2,7,13.2-3.3-3-7.2-5.1-11.5-6.2\"><\/path><path id=\"Trac&#xE9;_367\" d=\"M25.3,5.2C25.3,2.3,22.9,0,20.1,0s-5.2,2.3-5.2,5.2,5.2,17.8,5.2,17.8c0,0,5.2-14.9,5.2-17.8\"><\/path><\/g><\/g><\/g><\/svg>\t\t\t\t<\/span>\n\t\t\t<\/div>\n\t\t\t\n\t\t\t\t\t\t<div class=\"elementor-icon-box-content\">\n\n\t\t\t\t\t\t\t\t\t<h2 class=\"elementor-icon-box-title\">\n\t\t\t\t\t\t<span  >\n\t\t\t\t\t\t\tAusfl\u00fcge\t\t\t\t\t\t<\/span>\n\t\t\t\t\t<\/h2>\n\t\t\t\t\n\t\t\t\t\n\t\t\t<\/div>\n\t\t\t\n\t\t<\/div>\n\t\t\t\t\t\t<\/div>\n\t\t\t\t<\/div>\n\t\t<div class=\"elementor-element elementor-element-2971aec e-con-full e-flex e-con e-child\" data-id=\"2971aec\" data-element_type=\"container\" data-settings=\"{&quot;_ob_use_container_extras&quot;:&quot;no&quot;,&quot;_ob_column_hoveranimator&quot;:&quot;no&quot;,&quot;_ob_glider_is_slider&quot;:&quot;no&quot;,&quot;_ob_column_has_pseudo&quot;:&quot;no&quot;}\">\n\t\t\t\t<div class=\"elementor-element elementor-element-df2eaa7 decale-border elementor-skin-carousel elementor-widget elementor-widget-media-carousel\" data-id=\"df2eaa7\" data-element_type=\"widget\" data-settings=\"{&quot;slides_per_view&quot;:&quot;4&quot;,&quot;slides_per_view_tablet&quot;:&quot;3&quot;,&quot;slides_per_view_mobile&quot;:&quot;1&quot;,&quot;slides_to_scroll&quot;:&quot;1&quot;,&quot;space_between&quot;:{&quot;unit&quot;:&quot;px&quot;,&quot;size&quot;:180,&quot;sizes&quot;:[]},&quot;space_between_laptop&quot;:{&quot;unit&quot;:&quot;px&quot;,&quot;size&quot;:30,&quot;sizes&quot;:[]},&quot;space_between_tablet&quot;:{&quot;unit&quot;:&quot;px&quot;,&quot;size&quot;:30,&quot;sizes&quot;:[]},&quot;space_between_mobile&quot;:{&quot;unit&quot;:&quot;px&quot;,&quot;size&quot;:30,&quot;sizes&quot;:[]},&quot;skin&quot;:&quot;carousel&quot;,&quot;effect&quot;:&quot;slide&quot;,&quot;speed&quot;:500,&quot;autoplay&quot;:&quot;yes&quot;,&quot;autoplay_speed&quot;:5000,&quot;loop&quot;:&quot;yes&quot;,&quot;pause_on_hover&quot;:&quot;yes&quot;,&quot;_ob_perspektive_use&quot;:&quot;no&quot;}\" data-widget_type=\"media-carousel.default\">\n\t\t\t\t<div class=\"elementor-widget-container\">\n\t\t\t\t\t\t\t\t\t<div class=\"elementor-swiper\">\n\t\t\t\t\t<div class=\"elementor-main-swiper swiper\" role=\"region\" aria-roledescription=\"carousel\" aria-label=\"Diapositives\">\n\t\t\t\t<div class=\"swiper-wrapper\">\n\t\t\t\t\t\t\t\t\t\t\t<div class=\"swiper-slide\" role=\"group\" aria-roledescription=\"slide\">\n\t\t\t\t\t\t\t\t\t<div class=\"elementor-carousel-image\" role=\"img\" aria-label=\"Villeneuve Automne 2017\" style=\"background-image: url(&#039;https:\/\/victoria-glion.ch\/wp-content\/uploads\/2024\/12\/Automne2017cMaudeRion-32.jpg&#039;)\">\n\n\t\t\t\n\t\t\t\t\t<\/div>\n\t\t\t\t\t\t\t\t<\/div>\n\t\t\t\t\t\t\t\t\t\t\t<div class=\"swiper-slide\" role=\"group\" aria-roledescription=\"slide\">\n\t\t\t\t\t\t\t\t\t<div class=\"elementor-carousel-image\" role=\"img\" aria-label=\"MJF 2018\" style=\"background-image: url(&#039;https:\/\/victoria-glion.ch\/wp-content\/uploads\/2024\/12\/MJFcMaude-Rion11-68.jpg&#039;)\">\n\n\t\t\t\n\t\t\t\t\t<\/div>\n\t\t\t\t\t\t\t\t<\/div>\n\t\t\t\t\t\t\t\t\t\t\t<div class=\"swiper-slide\" role=\"group\" aria-roledescription=\"slide\">\n\t\t\t\t\t\t\t\t\t<div class=\"elementor-carousel-image\" role=\"img\" aria-label=\"Montreux 2019\" style=\"background-image: url(&#039;https:\/\/victoria-glion.ch\/wp-content\/uploads\/2024\/12\/Montreux2019cMaudeRion-2614.jpg&#039;)\">\n\n\t\t\t\n\t\t\t\t\t<\/div>\n\t\t\t\t\t\t\t\t<\/div>\n\t\t\t\t\t\t\t\t\t\t\t<div class=\"swiper-slide\" role=\"group\" aria-roledescription=\"slide\">\n\t\t\t\t\t\t\t\t\t<div class=\"elementor-carousel-image\" role=\"img\" aria-label=\"Montreux Noel\" style=\"background-image: url(&#039;https:\/\/victoria-glion.ch\/wp-content\/uploads\/2024\/12\/MontreuxNoel2018cMaudeRion-12.jpg&#039;)\">\n\n\t\t\t\n\t\t\t\t\t<\/div>\n\t\t\t\t\t\t\t\t<\/div>\n\t\t\t\t\t\t\t\t\t\t\t<div class=\"swiper-slide\" role=\"group\" aria-roledescription=\"slide\">\n\t\t\t\t\t\t\t\t\t<div class=\"elementor-carousel-image\" role=\"img\" aria-label=\"Chaplin&#039;s World opening \/ 2016\" style=\"background-image: url(&#039;https:\/\/victoria-glion.ch\/wp-content\/uploads\/2024\/12\/DSC_0070-MVT-Judith-Morsel.jpg&#039;)\">\n\n\t\t\t\n\t\t\t\t\t<\/div>\n\t\t\t\t\t\t\t\t<\/div>\n\t\t\t\t\t\t\t\t\t<\/div>\n\t\t\t\t\t\t\t\t\t\t\t\t\t\t\t\t\t\t\t\t\t<\/div>\n\t\t\t\t<\/div>\n\t\t\t\t\t\t\t\t<\/div>\n\t\t\t\t<\/div>\n\t\t\t\t<\/div>\n\t\t\t\t<\/div>\n\t\t\t\t<\/div>\n\t\t","protected":false},"excerpt":{"rendered":"<p>Ausfl\u00fcge In unserer sch\u00f6nen Region gibt es viele unumg\u00e4ngliche Orte, die es zu entdecken gilt. Erkunden Sie die charmanten D\u00f6rfer in der Umgebung, besuchen Sie das Schloss Chillon, ein Wahrzeichen der lokalen Geschichte, oder machen Sie einen Spaziergang entlang des Ufers des Genfersees mit seinen atemberaubenden Panoramen. F\u00fcr Kulturliebhaber bieten die Festivals von Montreux und [&hellip;]<\/p>\n","protected":false},"author":1,"featured_media":0,"parent":0,"menu_order":6,"comment_status":"closed","ping_status":"closed","template":"elementor_header_footer","meta":{"_acf_changed":false,"footnotes":""},"class_list":["post-3355","page","type-page","status-publish","hentry"],"acf":[],"_links":{"self":[{"href":"https:\/\/victoria-glion.ch\/de\/wp-json\/wp\/v2\/pages\/3355","targetHints":{"allow":["GET"]}}],"collection":[{"href":"https:\/\/victoria-glion.ch\/de\/wp-json\/wp\/v2\/pages"}],"about":[{"href":"https:\/\/victoria-glion.ch\/de\/wp-json\/wp\/v2\/types\/page"}],"author":[{"embeddable":true,"href":"https:\/\/victoria-glion.ch\/de\/wp-json\/wp\/v2\/users\/1"}],"replies":[{"embeddable":true,"href":"https:\/\/victoria-glion.ch\/de\/wp-json\/wp\/v2\/comments?post=3355"}],"version-history":[{"count":3,"href":"https:\/\/victoria-glion.ch\/de\/wp-json\/wp\/v2\/pages\/3355\/revisions"}],"predecessor-version":[{"id":8769,"href":"https:\/\/victoria-glion.ch\/de\/wp-json\/wp\/v2\/pages\/3355\/revisions\/8769"}],"wp:attachment":[{"href":"https:\/\/victoria-glion.ch\/de\/wp-json\/wp\/v2\/media?parent=3355"}],"curies":[{"name":"wp","href":"https:\/\/api.w.org\/{rel}","templated":true}]}}