{"id":3411,"date":"2024-12-17T08:45:45","date_gmt":"2024-12-17T07:45:45","guid":{"rendered":"https:\/\/victoria-glion.ch\/die-gaerten\/"},"modified":"2026-04-17T08:40:52","modified_gmt":"2026-04-17T06:40:52","slug":"die-gaerten","status":"publish","type":"page","link":"https:\/\/victoria-glion.ch\/de\/die-gaerten\/","title":{"rendered":"Die G\u00e4rten"},"content":{"rendered":"\t\t<div data-elementor-type=\"wp-page\" data-elementor-id=\"3411\" class=\"elementor elementor-3411 elementor-1397\" data-elementor-post-type=\"page\">\n\t\t\t\t<div data-dce-background-overlay-color=\"#02010100\" data-dce-background-image-url=\"https:\/\/dev.victoria-glion.ch\/wp-content\/uploads\/2024\/12\/YohanNieto_2023_HotelVictoria_TIFF_026.jpg\" class=\"elementor-element elementor-element-953c6ba e-flex e-con-boxed e-con e-parent\" data-id=\"953c6ba\" data-element_type=\"container\" data-settings=\"{&quot;background_background&quot;:&quot;classic&quot;,&quot;_ob_use_container_extras&quot;:&quot;no&quot;,&quot;_ob_column_hoveranimator&quot;:&quot;no&quot;,&quot;_ob_glider_is_slider&quot;:&quot;no&quot;,&quot;_ob_column_has_pseudo&quot;:&quot;no&quot;}\">\n\t\t\t\t\t<div class=\"e-con-inner\">\n\t\t\t\t<div class=\"elementor-element elementor-element-c071bbe ob-harakiri-inherit ob-has-background-overlay elementor-widget elementor-widget-heading\" data-id=\"c071bbe\" data-element_type=\"widget\" data-settings=\"{&quot;_ob_use_harakiri&quot;:&quot;yes&quot;,&quot;_ob_harakiri_writing_mode&quot;:&quot;inherit&quot;,&quot;_ob_harakiri_text_clip&quot;:&quot;none&quot;,&quot;_ob_perspektive_use&quot;:&quot;no&quot;,&quot;_ob_poopart_use&quot;:&quot;yes&quot;,&quot;_ob_shadough_use&quot;:&quot;no&quot;,&quot;_ob_allow_hoveranimator&quot;:&quot;no&quot;,&quot;_ob_widget_stalker_use&quot;:&quot;no&quot;}\" data-widget_type=\"heading.default\">\n\t\t\t\t<div class=\"elementor-widget-container\">\n\t\t\t\t\t<h1 class=\"elementor-heading-title elementor-size-default\">Die G\u00e4rten<\/h1>\t\t\t\t<\/div>\n\t\t\t\t<\/div>\n\t\t\t\t<div class=\"elementor-element elementor-element-f94bf60 e-transform elementor-view-default elementor-position-top elementor-mobile-position-top ob-has-background-overlay elementor-widget elementor-widget-icon-box\" data-id=\"f94bf60\" data-element_type=\"widget\" data-settings=\"{&quot;_transform_rotateZ_effect&quot;:{&quot;unit&quot;:&quot;px&quot;,&quot;size&quot;:180,&quot;sizes&quot;:[]},&quot;_ob_perspektive_use&quot;:&quot;no&quot;,&quot;_transform_rotateZ_effect_laptop&quot;:{&quot;unit&quot;:&quot;deg&quot;,&quot;size&quot;:&quot;&quot;,&quot;sizes&quot;:[]},&quot;_transform_rotateZ_effect_tablet&quot;:{&quot;unit&quot;:&quot;deg&quot;,&quot;size&quot;:&quot;&quot;,&quot;sizes&quot;:[]},&quot;_transform_rotateZ_effect_mobile&quot;:{&quot;unit&quot;:&quot;deg&quot;,&quot;size&quot;:&quot;&quot;,&quot;sizes&quot;:[]},&quot;_ob_poopart_use&quot;:&quot;yes&quot;,&quot;_ob_shadough_use&quot;:&quot;no&quot;,&quot;_ob_allow_hoveranimator&quot;:&quot;no&quot;,&quot;_ob_widget_stalker_use&quot;:&quot;no&quot;}\" data-widget_type=\"icon-box.default\">\n\t\t\t\t<div class=\"elementor-widget-container\">\n\t\t\t\t\t\t\t<div class=\"elementor-icon-box-wrapper\">\n\n\t\t\t\t\t\t<div class=\"elementor-icon-box-icon\">\n\t\t\t\t<span  class=\"elementor-icon\">\n\t\t\t\t<svg xmlns=\"http:\/\/www.w3.org\/2000\/svg\" viewBox=\"0 0 40 22.9\"><defs><clipPath id=\"clippath\"><rect y=\"0\" width=\"40\" height=\"22.9\"><\/rect><\/clipPath><\/defs><g id=\"Groupe_349\"><g clip-path=\"url(#clippath)\"><g id=\"Groupe_233\"><path id=\"Trac&#xE9;_365\" d=\"M37.1,15c1.5-.5,2.7-1.8,2.9-3.4.4-2.3-1.2-4.5-3.5-4.9-1.4-.2-2.8.3-3.8,1.3-6.2,7.1-7,13.2-7,13.2,3.3-3,7.2-5.1,11.5-6.2\"><\/path><path id=\"Trac&#xE9;_366\" d=\"M2.9,15c-1.5-.5-2.7-1.8-2.9-3.4-.4-2.3,1.2-4.5,3.5-4.9,1.4-.2,2.8.3,3.8,1.3,6.2,7.1,7,13.2,7,13.2-3.3-3-7.2-5.1-11.5-6.2\"><\/path><path id=\"Trac&#xE9;_367\" d=\"M25.3,5.2C25.3,2.3,22.9,0,20.1,0s-5.2,2.3-5.2,5.2,5.2,17.8,5.2,17.8c0,0,5.2-14.9,5.2-17.8\"><\/path><\/g><\/g><\/g><\/svg>\t\t\t\t<\/span>\n\t\t\t<\/div>\n\t\t\t\n\t\t\t\n\t\t<\/div>\n\t\t\t\t\t\t<\/div>\n\t\t\t\t<\/div>\n\t\t\t\t<div class=\"elementor-element elementor-element-d9f032e e-transform elementor-widget-divider--view-line ob-has-background-overlay elementor-widget elementor-widget-divider\" data-id=\"d9f032e\" data-element_type=\"widget\" data-settings=\"{&quot;_transform_rotateZ_effect&quot;:{&quot;unit&quot;:&quot;px&quot;,&quot;size&quot;:90,&quot;sizes&quot;:[]},&quot;_ob_perspektive_use&quot;:&quot;no&quot;,&quot;_transform_rotateZ_effect_laptop&quot;:{&quot;unit&quot;:&quot;deg&quot;,&quot;size&quot;:&quot;&quot;,&quot;sizes&quot;:[]},&quot;_transform_rotateZ_effect_tablet&quot;:{&quot;unit&quot;:&quot;deg&quot;,&quot;size&quot;:&quot;&quot;,&quot;sizes&quot;:[]},&quot;_transform_rotateZ_effect_mobile&quot;:{&quot;unit&quot;:&quot;deg&quot;,&quot;size&quot;:&quot;&quot;,&quot;sizes&quot;:[]},&quot;_ob_poopart_use&quot;:&quot;yes&quot;,&quot;_ob_shadough_use&quot;:&quot;no&quot;,&quot;_ob_allow_hoveranimator&quot;:&quot;no&quot;,&quot;_ob_widget_stalker_use&quot;:&quot;no&quot;}\" data-widget_type=\"divider.default\">\n\t\t\t\t<div class=\"elementor-widget-container\">\n\t\t\t\t\t\t\t<div class=\"elementor-divider\">\n\t\t\t<span class=\"elementor-divider-separator\">\n\t\t\t\t\t\t<\/span>\n\t\t<\/div>\n\t\t\t\t\t\t<\/div>\n\t\t\t\t<\/div>\n\t\t\t\t\t<\/div>\n\t\t\t\t<\/div>\n\t\t<div class=\"elementor-element elementor-element-e48375a e-flex e-con-boxed e-con e-parent\" data-id=\"e48375a\" data-element_type=\"container\" data-settings=\"{&quot;_ob_use_container_extras&quot;:&quot;no&quot;,&quot;_ob_column_hoveranimator&quot;:&quot;no&quot;,&quot;_ob_glider_is_slider&quot;:&quot;no&quot;,&quot;_ob_column_has_pseudo&quot;:&quot;no&quot;}\">\n\t\t\t\t\t<div class=\"e-con-inner\">\n\t\t\t\t<div class=\"elementor-element elementor-element-49e1ac7 elementor-view-default elementor-position-top elementor-mobile-position-top ob-has-background-overlay elementor-widget elementor-widget-icon-box\" data-id=\"49e1ac7\" data-element_type=\"widget\" data-settings=\"{&quot;_ob_perspektive_use&quot;:&quot;no&quot;,&quot;_ob_poopart_use&quot;:&quot;yes&quot;,&quot;_ob_shadough_use&quot;:&quot;no&quot;,&quot;_ob_allow_hoveranimator&quot;:&quot;no&quot;,&quot;_ob_widget_stalker_use&quot;:&quot;no&quot;}\" data-widget_type=\"icon-box.default\">\n\t\t\t\t<div class=\"elementor-widget-container\">\n\t\t\t\t\t\t\t<div class=\"elementor-icon-box-wrapper\">\n\n\t\t\t\t\t\t<div class=\"elementor-icon-box-icon\">\n\t\t\t\t<span  class=\"elementor-icon\">\n\t\t\t\t<svg xmlns=\"http:\/\/www.w3.org\/2000\/svg\" viewBox=\"0 0 40 22.9\"><defs><clipPath id=\"clippath\"><rect y=\"0\" width=\"40\" height=\"22.9\"><\/rect><\/clipPath><\/defs><g id=\"Groupe_349\"><g clip-path=\"url(#clippath)\"><g id=\"Groupe_233\"><path id=\"Trac&#xE9;_365\" d=\"M37.1,15c1.5-.5,2.7-1.8,2.9-3.4.4-2.3-1.2-4.5-3.5-4.9-1.4-.2-2.8.3-3.8,1.3-6.2,7.1-7,13.2-7,13.2,3.3-3,7.2-5.1,11.5-6.2\"><\/path><path id=\"Trac&#xE9;_366\" d=\"M2.9,15c-1.5-.5-2.7-1.8-2.9-3.4-.4-2.3,1.2-4.5,3.5-4.9,1.4-.2,2.8.3,3.8,1.3,6.2,7.1,7,13.2,7,13.2-3.3-3-7.2-5.1-11.5-6.2\"><\/path><path id=\"Trac&#xE9;_367\" d=\"M25.3,5.2C25.3,2.3,22.9,0,20.1,0s-5.2,2.3-5.2,5.2,5.2,17.8,5.2,17.8c0,0,5.2-14.9,5.2-17.8\"><\/path><\/g><\/g><\/g><\/svg>\t\t\t\t<\/span>\n\t\t\t<\/div>\n\t\t\t\n\t\t\t\n\t\t<\/div>\n\t\t\t\t\t\t<\/div>\n\t\t\t\t<\/div>\n\t\t\t\t<div class=\"elementor-element elementor-element-b3fbd48 ob-harakiri-inherit ob-has-background-overlay elementor-widget elementor-widget-text-editor\" data-id=\"b3fbd48\" data-element_type=\"widget\" data-settings=\"{&quot;_ob_use_harakiri&quot;:&quot;yes&quot;,&quot;_ob_harakiri_writing_mode&quot;:&quot;inherit&quot;,&quot;_ob_postman_use&quot;:&quot;no&quot;,&quot;_ob_perspektive_use&quot;:&quot;no&quot;,&quot;_ob_poopart_use&quot;:&quot;yes&quot;,&quot;_ob_shadough_use&quot;:&quot;no&quot;,&quot;_ob_allow_hoveranimator&quot;:&quot;no&quot;,&quot;_ob_widget_stalker_use&quot;:&quot;no&quot;}\" data-widget_type=\"text-editor.default\">\n\t\t\t\t<div class=\"elementor-widget-container\">\n\t\t\t\t\t\t\t\t\t<p>Mitten in unserem Haus sind die G\u00e4rten eine wahre Einladung zur Entspannung und zum Staunen.<\/p><p>Jede Allee, jedes Blumenbeet zeugt von der Kompetenz und Leidenschaft unserer G\u00e4rtner, die t\u00e4glich mit gro\u00dfer Sorgfalt daran arbeiten, ein buntes und lebendiges Schauspiel zu schaffen und die Blumen zu kultivieren, die Farbe und Poesie in die Zimmer und auf die Tische des Restaurants bringen.<\/p>\t\t\t\t\t\t\t\t<\/div>\n\t\t\t\t<\/div>\n\t\t\t\t\t<\/div>\n\t\t\t\t<\/div>\n\t\t<div class=\"elementor-element elementor-element-ab54024 e-con-full e-flex e-con e-parent\" data-id=\"ab54024\" data-element_type=\"container\" data-settings=\"{&quot;_ob_use_container_extras&quot;:&quot;no&quot;,&quot;_ob_column_hoveranimator&quot;:&quot;no&quot;,&quot;_ob_glider_is_slider&quot;:&quot;no&quot;,&quot;_ob_column_has_pseudo&quot;:&quot;no&quot;}\">\n\t\t<div data-dce-background-image-url=\"https:\/\/victoria-glion.ch\/wp-content\/uploads\/2024\/12\/YohanNieto_2023_HotelVictoria_TIFF_021.jpg\" class=\"elementor-element elementor-element-93e2b17 e-con-full e-flex e-con e-child\" data-id=\"93e2b17\" data-element_type=\"container\" data-settings=\"{&quot;background_background&quot;:&quot;classic&quot;,&quot;_ob_use_container_extras&quot;:&quot;no&quot;,&quot;_ob_column_hoveranimator&quot;:&quot;no&quot;,&quot;_ob_glider_is_slider&quot;:&quot;no&quot;,&quot;_ob_column_has_pseudo&quot;:&quot;no&quot;}\">\n\t\t\t\t<\/div>\n\t\t<div class=\"elementor-element elementor-element-81cb7c8 e-con-full e-flex e-con e-child\" data-id=\"81cb7c8\" data-element_type=\"container\" data-settings=\"{&quot;background_background&quot;:&quot;classic&quot;,&quot;_ob_use_container_extras&quot;:&quot;no&quot;,&quot;_ob_column_hoveranimator&quot;:&quot;no&quot;,&quot;_ob_glider_is_slider&quot;:&quot;no&quot;,&quot;_ob_column_has_pseudo&quot;:&quot;no&quot;}\">\n\t\t\t\t<div class=\"elementor-element elementor-element-6dd8e57 elementor-view-default elementor-position-top elementor-mobile-position-top ob-has-background-overlay elementor-widget elementor-widget-icon-box\" data-id=\"6dd8e57\" data-element_type=\"widget\" data-settings=\"{&quot;_ob_perspektive_use&quot;:&quot;no&quot;,&quot;_ob_poopart_use&quot;:&quot;yes&quot;,&quot;_ob_shadough_use&quot;:&quot;no&quot;,&quot;_ob_allow_hoveranimator&quot;:&quot;no&quot;,&quot;_ob_widget_stalker_use&quot;:&quot;no&quot;}\" data-widget_type=\"icon-box.default\">\n\t\t\t\t<div class=\"elementor-widget-container\">\n\t\t\t\t\t\t\t<div class=\"elementor-icon-box-wrapper\">\n\n\t\t\t\t\t\t<div class=\"elementor-icon-box-icon\">\n\t\t\t\t<span  class=\"elementor-icon\">\n\t\t\t\t<svg xmlns=\"http:\/\/www.w3.org\/2000\/svg\" viewBox=\"0 0 40 22.9\"><defs><clipPath id=\"clippath\"><rect y=\"0\" width=\"40\" height=\"22.9\"><\/rect><\/clipPath><\/defs><g id=\"Groupe_349\"><g clip-path=\"url(#clippath)\"><g id=\"Groupe_233\"><path id=\"Trac&#xE9;_365\" d=\"M37.1,15c1.5-.5,2.7-1.8,2.9-3.4.4-2.3-1.2-4.5-3.5-4.9-1.4-.2-2.8.3-3.8,1.3-6.2,7.1-7,13.2-7,13.2,3.3-3,7.2-5.1,11.5-6.2\"><\/path><path id=\"Trac&#xE9;_366\" d=\"M2.9,15c-1.5-.5-2.7-1.8-2.9-3.4-.4-2.3,1.2-4.5,3.5-4.9,1.4-.2,2.8.3,3.8,1.3,6.2,7.1,7,13.2,7,13.2-3.3-3-7.2-5.1-11.5-6.2\"><\/path><path id=\"Trac&#xE9;_367\" d=\"M25.3,5.2C25.3,2.3,22.9,0,20.1,0s-5.2,2.3-5.2,5.2,5.2,17.8,5.2,17.8c0,0,5.2-14.9,5.2-17.8\"><\/path><\/g><\/g><\/g><\/svg>\t\t\t\t<\/span>\n\t\t\t<\/div>\n\t\t\t\n\t\t\t\n\t\t<\/div>\n\t\t\t\t\t\t<\/div>\n\t\t\t\t<\/div>\n\t\t\t\t<div class=\"elementor-element elementor-element-03c895d ob-harakiri-inherit ob-has-background-overlay elementor-widget elementor-widget-text-editor\" data-id=\"03c895d\" data-element_type=\"widget\" data-settings=\"{&quot;_ob_use_harakiri&quot;:&quot;yes&quot;,&quot;_ob_harakiri_writing_mode&quot;:&quot;inherit&quot;,&quot;_ob_postman_use&quot;:&quot;no&quot;,&quot;_ob_perspektive_use&quot;:&quot;no&quot;,&quot;_ob_poopart_use&quot;:&quot;yes&quot;,&quot;_ob_shadough_use&quot;:&quot;no&quot;,&quot;_ob_allow_hoveranimator&quot;:&quot;no&quot;,&quot;_ob_widget_stalker_use&quot;:&quot;no&quot;}\" data-widget_type=\"text-editor.default\">\n\t\t\t\t<div class=\"elementor-widget-container\">\n\t\t\t\t\t\t\t\t\t<p>Leuchtende Rosen, duftender Lavendel, majest\u00e4tische Hortensien\u2026 Hier bl\u00fchen die Blumen in einer Symphonie aus Farben und D\u00fcften und verwandeln jeden Spaziergang in ein einzigartiges sinnliches Erlebnis.<\/p>\t\t\t\t\t\t\t\t<\/div>\n\t\t\t\t<\/div>\n\t\t\t\t<\/div>\n\t\t\t\t<\/div>\n\t\t<div class=\"elementor-element elementor-element-0fb2c2f e-con-full e-flex e-con e-parent\" data-id=\"0fb2c2f\" data-element_type=\"container\" data-settings=\"{&quot;_ob_use_container_extras&quot;:&quot;no&quot;,&quot;_ob_column_hoveranimator&quot;:&quot;no&quot;,&quot;_ob_glider_is_slider&quot;:&quot;no&quot;,&quot;_ob_column_has_pseudo&quot;:&quot;no&quot;}\">\n\t\t<div class=\"elementor-element elementor-element-4754f23 e-con-full e-flex e-con e-child\" data-id=\"4754f23\" data-element_type=\"container\" data-settings=\"{&quot;_ob_use_container_extras&quot;:&quot;no&quot;,&quot;_ob_column_hoveranimator&quot;:&quot;no&quot;,&quot;_ob_glider_is_slider&quot;:&quot;no&quot;,&quot;_ob_column_has_pseudo&quot;:&quot;no&quot;}\">\n\t\t\t\t<div class=\"elementor-element elementor-element-7dae906 elementor-view-default elementor-position-top elementor-mobile-position-top ob-has-background-overlay elementor-widget elementor-widget-icon-box\" data-id=\"7dae906\" data-element_type=\"widget\" data-settings=\"{&quot;_ob_perspektive_use&quot;:&quot;no&quot;,&quot;_ob_poopart_use&quot;:&quot;yes&quot;,&quot;_ob_shadough_use&quot;:&quot;no&quot;,&quot;_ob_allow_hoveranimator&quot;:&quot;no&quot;,&quot;_ob_widget_stalker_use&quot;:&quot;no&quot;}\" data-widget_type=\"icon-box.default\">\n\t\t\t\t<div class=\"elementor-widget-container\">\n\t\t\t\t\t\t\t<div class=\"elementor-icon-box-wrapper\">\n\n\t\t\t\t\t\t<div class=\"elementor-icon-box-icon\">\n\t\t\t\t<span  class=\"elementor-icon\">\n\t\t\t\t<svg xmlns=\"http:\/\/www.w3.org\/2000\/svg\" viewBox=\"0 0 40 22.9\"><defs><clipPath id=\"clippath\"><rect y=\"0\" width=\"40\" height=\"22.9\"><\/rect><\/clipPath><\/defs><g id=\"Groupe_349\"><g clip-path=\"url(#clippath)\"><g id=\"Groupe_233\"><path id=\"Trac&#xE9;_365\" d=\"M37.1,15c1.5-.5,2.7-1.8,2.9-3.4.4-2.3-1.2-4.5-3.5-4.9-1.4-.2-2.8.3-3.8,1.3-6.2,7.1-7,13.2-7,13.2,3.3-3,7.2-5.1,11.5-6.2\"><\/path><path id=\"Trac&#xE9;_366\" d=\"M2.9,15c-1.5-.5-2.7-1.8-2.9-3.4-.4-2.3,1.2-4.5,3.5-4.9,1.4-.2,2.8.3,3.8,1.3,6.2,7.1,7,13.2,7,13.2-3.3-3-7.2-5.1-11.5-6.2\"><\/path><path id=\"Trac&#xE9;_367\" d=\"M25.3,5.2C25.3,2.3,22.9,0,20.1,0s-5.2,2.3-5.2,5.2,5.2,17.8,5.2,17.8c0,0,5.2-14.9,5.2-17.8\"><\/path><\/g><\/g><\/g><\/svg>\t\t\t\t<\/span>\n\t\t\t<\/div>\n\t\t\t\n\t\t\t\n\t\t<\/div>\n\t\t\t\t\t\t<\/div>\n\t\t\t\t<\/div>\n\t\t\t\t<div class=\"elementor-element elementor-element-bd10410 ob-harakiri-inherit ob-has-background-overlay elementor-widget elementor-widget-text-editor\" data-id=\"bd10410\" data-element_type=\"widget\" data-settings=\"{&quot;_ob_use_harakiri&quot;:&quot;yes&quot;,&quot;_ob_harakiri_writing_mode&quot;:&quot;inherit&quot;,&quot;_ob_postman_use&quot;:&quot;no&quot;,&quot;_ob_perspektive_use&quot;:&quot;no&quot;,&quot;_ob_poopart_use&quot;:&quot;yes&quot;,&quot;_ob_shadough_use&quot;:&quot;no&quot;,&quot;_ob_allow_hoveranimator&quot;:&quot;no&quot;,&quot;_ob_widget_stalker_use&quot;:&quot;no&quot;}\" data-widget_type=\"text-editor.default\">\n\t\t\t\t<div class=\"elementor-widget-container\">\n\t\t\t\t\t\t\t\t\t<p>Unsere G\u00e4rten laden Sie zu einem Moment der Entspannung inmitten der Natur ein. Folgen Sie den von Blumenbeeten ges\u00e4umten Wegen und atmen Sie die frische Luft ein, w\u00e4hrend Sie die au\u00dfergew\u00f6hnliche Aussicht auf den Genfer See und die Berge genie\u00dfen. Eine beruhigende Umgebung, perfekt f\u00fcr einen erholsamen Spaziergang.  <\/p>\t\t\t\t\t\t\t\t<\/div>\n\t\t\t\t<\/div>\n\t\t\t\t<\/div>\n\t\t<div data-dce-background-image-url=\"https:\/\/victoria-glion.ch\/wp-content\/uploads\/2024\/12\/YohanNieto_2023_HotelVictoria_TIFF_024.jpg\" class=\"elementor-element elementor-element-8fbe069 e-con-full e-flex e-con e-child\" data-id=\"8fbe069\" data-element_type=\"container\" data-settings=\"{&quot;background_background&quot;:&quot;classic&quot;,&quot;_ob_use_container_extras&quot;:&quot;no&quot;,&quot;_ob_column_hoveranimator&quot;:&quot;no&quot;,&quot;_ob_glider_is_slider&quot;:&quot;no&quot;,&quot;_ob_column_has_pseudo&quot;:&quot;no&quot;}\">\n\t\t\t\t<\/div>\n\t\t\t\t<\/div>\n\t\t<div class=\"elementor-element elementor-element-e863e93 e-con-full e-flex e-con e-parent\" data-id=\"e863e93\" data-element_type=\"container\" data-settings=\"{&quot;background_background&quot;:&quot;classic&quot;,&quot;_ob_use_container_extras&quot;:&quot;no&quot;,&quot;_ob_column_hoveranimator&quot;:&quot;no&quot;,&quot;_ob_glider_is_slider&quot;:&quot;no&quot;,&quot;_ob_column_has_pseudo&quot;:&quot;no&quot;}\">\n\t\t\t\t<div class=\"elementor-element elementor-element-fd6bb05 animated-fast elementor-widget__width-initial elementor-view-default elementor-position-top elementor-mobile-position-top elementor-invisible ob-has-background-overlay elementor-widget elementor-widget-icon-box\" data-id=\"fd6bb05\" data-element_type=\"widget\" data-settings=\"{&quot;_animation&quot;:&quot;fadeInDown&quot;,&quot;_ob_perspektive_use&quot;:&quot;no&quot;,&quot;_ob_poopart_use&quot;:&quot;yes&quot;,&quot;_ob_shadough_use&quot;:&quot;no&quot;,&quot;_ob_allow_hoveranimator&quot;:&quot;no&quot;,&quot;_ob_widget_stalker_use&quot;:&quot;no&quot;}\" data-widget_type=\"icon-box.default\">\n\t\t\t\t<div class=\"elementor-widget-container\">\n\t\t\t\t\t\t\t<div class=\"elementor-icon-box-wrapper\">\n\n\t\t\t\t\t\t<div class=\"elementor-icon-box-icon\">\n\t\t\t\t<span  class=\"elementor-icon\">\n\t\t\t\t<svg xmlns=\"http:\/\/www.w3.org\/2000\/svg\" viewBox=\"0 0 40 22.9\"><defs><clipPath id=\"clippath\"><rect y=\"0\" width=\"40\" height=\"22.9\"><\/rect><\/clipPath><\/defs><g id=\"Groupe_349\"><g clip-path=\"url(#clippath)\"><g id=\"Groupe_233\"><path id=\"Trac&#xE9;_365\" d=\"M37.1,15c1.5-.5,2.7-1.8,2.9-3.4.4-2.3-1.2-4.5-3.5-4.9-1.4-.2-2.8.3-3.8,1.3-6.2,7.1-7,13.2-7,13.2,3.3-3,7.2-5.1,11.5-6.2\"><\/path><path id=\"Trac&#xE9;_366\" d=\"M2.9,15c-1.5-.5-2.7-1.8-2.9-3.4-.4-2.3,1.2-4.5,3.5-4.9,1.4-.2,2.8.3,3.8,1.3,6.2,7.1,7,13.2,7,13.2-3.3-3-7.2-5.1-11.5-6.2\"><\/path><path id=\"Trac&#xE9;_367\" d=\"M25.3,5.2C25.3,2.3,22.9,0,20.1,0s-5.2,2.3-5.2,5.2,5.2,17.8,5.2,17.8c0,0,5.2-14.9,5.2-17.8\"><\/path><\/g><\/g><\/g><\/svg>\t\t\t\t<\/span>\n\t\t\t<\/div>\n\t\t\t\n\t\t\t\t\t\t<div class=\"elementor-icon-box-content\">\n\n\t\t\t\t\t\t\t\t\t<h2 class=\"elementor-icon-box-title\">\n\t\t\t\t\t\t<span  >\n\t\t\t\t\t\t\tDie G\u00e4rten\t\t\t\t\t\t<\/span>\n\t\t\t\t\t<\/h2>\n\t\t\t\t\n\t\t\t\t\n\t\t\t<\/div>\n\t\t\t\n\t\t<\/div>\n\t\t\t\t\t\t<\/div>\n\t\t\t\t<\/div>\n\t\t<div class=\"elementor-element elementor-element-1678900 e-con-full e-flex e-con e-child\" data-id=\"1678900\" data-element_type=\"container\" data-settings=\"{&quot;_ob_use_container_extras&quot;:&quot;no&quot;,&quot;_ob_column_hoveranimator&quot;:&quot;no&quot;,&quot;_ob_glider_is_slider&quot;:&quot;no&quot;,&quot;_ob_column_has_pseudo&quot;:&quot;no&quot;}\">\n\t\t\t\t<div class=\"elementor-element elementor-element-e024f21 decale-border elementor-skin-carousel elementor-widget elementor-widget-media-carousel\" data-id=\"e024f21\" data-element_type=\"widget\" data-settings=\"{&quot;slides_per_view&quot;:&quot;4&quot;,&quot;slides_per_view_tablet&quot;:&quot;3&quot;,&quot;slides_per_view_mobile&quot;:&quot;1&quot;,&quot;slides_to_scroll&quot;:&quot;1&quot;,&quot;space_between&quot;:{&quot;unit&quot;:&quot;px&quot;,&quot;size&quot;:180,&quot;sizes&quot;:[]},&quot;space_between_laptop&quot;:{&quot;unit&quot;:&quot;px&quot;,&quot;size&quot;:30,&quot;sizes&quot;:[]},&quot;space_between_tablet&quot;:{&quot;unit&quot;:&quot;px&quot;,&quot;size&quot;:30,&quot;sizes&quot;:[]},&quot;space_between_mobile&quot;:{&quot;unit&quot;:&quot;px&quot;,&quot;size&quot;:30,&quot;sizes&quot;:[]},&quot;skin&quot;:&quot;carousel&quot;,&quot;effect&quot;:&quot;slide&quot;,&quot;speed&quot;:500,&quot;autoplay&quot;:&quot;yes&quot;,&quot;autoplay_speed&quot;:5000,&quot;loop&quot;:&quot;yes&quot;,&quot;pause_on_hover&quot;:&quot;yes&quot;,&quot;_ob_perspektive_use&quot;:&quot;no&quot;}\" data-widget_type=\"media-carousel.default\">\n\t\t\t\t<div class=\"elementor-widget-container\">\n\t\t\t\t\t\t\t\t\t<div class=\"elementor-swiper\">\n\t\t\t\t\t<div class=\"elementor-main-swiper swiper\" role=\"region\" aria-roledescription=\"carousel\" aria-label=\"Diapositives\">\n\t\t\t\t<div class=\"swiper-wrapper\">\n\t\t\t\t\t\t\t\t\t\t\t<div class=\"swiper-slide\" role=\"group\" aria-roledescription=\"slide\">\n\t\t\t\t\t\t\t\t\t<div class=\"elementor-carousel-image\" role=\"img\" aria-label=\"YohanNieto_2023_HotelVictoria_TIFF_021\" style=\"background-image: url(&#039;https:\/\/victoria-glion.ch\/wp-content\/uploads\/2024\/12\/YohanNieto_2023_HotelVictoria_TIFF_021.jpg&#039;)\">\n\n\t\t\t\n\t\t\t\t\t<\/div>\n\t\t\t\t\t\t\t\t<\/div>\n\t\t\t\t\t\t\t\t\t\t\t<div class=\"swiper-slide\" role=\"group\" aria-roledescription=\"slide\">\n\t\t\t\t\t\t\t\t\t<div class=\"elementor-carousel-image\" role=\"img\" aria-label=\"YohanNieto_2023_HotelVictoria_TIFF_108\" style=\"background-image: url(&#039;https:\/\/victoria-glion.ch\/wp-content\/uploads\/2024\/12\/YohanNieto_2023_HotelVictoria_TIFF_108.jpg&#039;)\">\n\n\t\t\t\n\t\t\t\t\t<\/div>\n\t\t\t\t\t\t\t\t<\/div>\n\t\t\t\t\t\t\t\t\t\t\t<div class=\"swiper-slide\" role=\"group\" aria-roledescription=\"slide\">\n\t\t\t\t\t\t\t\t\t<div class=\"elementor-carousel-image\" role=\"img\" aria-label=\"YohanNieto_2023_HotelVictoria_TIFF_026\" style=\"background-image: url(&#039;https:\/\/victoria-glion.ch\/wp-content\/uploads\/2024\/12\/YohanNieto_2023_HotelVictoria_TIFF_026.jpg&#039;)\">\n\n\t\t\t\n\t\t\t\t\t<\/div>\n\t\t\t\t\t\t\t\t<\/div>\n\t\t\t\t\t\t\t\t\t\t\t<div class=\"swiper-slide\" role=\"group\" aria-roledescription=\"slide\">\n\t\t\t\t\t\t\t\t\t<div class=\"elementor-carousel-image\" role=\"img\" aria-label=\"YohanNieto_2023_HotelVictoria_TIFF_125\" style=\"background-image: url(&#039;https:\/\/victoria-glion.ch\/wp-content\/uploads\/2024\/12\/YohanNieto_2023_HotelVictoria_TIFF_125.jpg&#039;)\">\n\n\t\t\t\n\t\t\t\t\t<\/div>\n\t\t\t\t\t\t\t\t<\/div>\n\t\t\t\t\t\t\t\t\t\t\t<div class=\"swiper-slide\" role=\"group\" aria-roledescription=\"slide\">\n\t\t\t\t\t\t\t\t\t<div class=\"elementor-carousel-image\" role=\"img\" aria-label=\"YohanNieto_2023_HotelVictoria_TIFF_033\" style=\"background-image: url(&#039;https:\/\/victoria-glion.ch\/wp-content\/uploads\/2024\/12\/YohanNieto_2023_HotelVictoria_TIFF_033.jpg&#039;)\">\n\n\t\t\t\n\t\t\t\t\t<\/div>\n\t\t\t\t\t\t\t\t<\/div>\n\t\t\t\t\t\t\t\t\t\t\t<div class=\"swiper-slide\" role=\"group\" aria-roledescription=\"slide\">\n\t\t\t\t\t\t\t\t\t<div class=\"elementor-carousel-image\" role=\"img\" aria-label=\"YohanNieto_2023_HotelVictoria_TIFF_019\" style=\"background-image: url(&#039;https:\/\/victoria-glion.ch\/wp-content\/uploads\/2024\/12\/YohanNieto_2023_HotelVictoria_TIFF_019.jpg&#039;)\">\n\n\t\t\t\n\t\t\t\t\t<\/div>\n\t\t\t\t\t\t\t\t<\/div>\n\t\t\t\t\t\t\t\t\t<\/div>\n\t\t\t\t\t\t\t\t\t\t\t\t\t\t\t\t\t\t\t\t\t<\/div>\n\t\t\t\t<\/div>\n\t\t\t\t\t\t\t\t<\/div>\n\t\t\t\t<\/div>\n\t\t\t\t<\/div>\n\t\t\t\t<\/div>\n\t\t\t\t<\/div>\n\t\t","protected":false},"excerpt":{"rendered":"<p>Die G\u00e4rten Mitten in unserem Haus sind die G\u00e4rten eine wahre Einladung zur Entspannung und zum Staunen. Jede Allee, jedes Blumenbeet zeugt von der Kompetenz und Leidenschaft unserer G\u00e4rtner, die t\u00e4glich mit gro\u00dfer Sorgfalt daran arbeiten, ein buntes und lebendiges Schauspiel zu schaffen und die Blumen zu kultivieren, die Farbe und Poesie in die Zimmer [&hellip;]<\/p>\n","protected":false},"author":1,"featured_media":0,"parent":0,"menu_order":4,"comment_status":"closed","ping_status":"closed","template":"elementor_header_footer","meta":{"_acf_changed":false,"footnotes":""},"class_list":["post-3411","page","type-page","status-publish","hentry"],"acf":[],"_links":{"self":[{"href":"https:\/\/victoria-glion.ch\/de\/wp-json\/wp\/v2\/pages\/3411","targetHints":{"allow":["GET"]}}],"collection":[{"href":"https:\/\/victoria-glion.ch\/de\/wp-json\/wp\/v2\/pages"}],"about":[{"href":"https:\/\/victoria-glion.ch\/de\/wp-json\/wp\/v2\/types\/page"}],"author":[{"embeddable":true,"href":"https:\/\/victoria-glion.ch\/de\/wp-json\/wp\/v2\/users\/1"}],"replies":[{"embeddable":true,"href":"https:\/\/victoria-glion.ch\/de\/wp-json\/wp\/v2\/comments?post=3411"}],"version-history":[{"count":3,"href":"https:\/\/victoria-glion.ch\/de\/wp-json\/wp\/v2\/pages\/3411\/revisions"}],"predecessor-version":[{"id":8532,"href":"https:\/\/victoria-glion.ch\/de\/wp-json\/wp\/v2\/pages\/3411\/revisions\/8532"}],"wp:attachment":[{"href":"https:\/\/victoria-glion.ch\/de\/wp-json\/wp\/v2\/media?parent=3411"}],"curies":[{"name":"wp","href":"https:\/\/api.w.org\/{rel}","templated":true}]}}